{"id":3957,"date":"2020-07-29T16:45:55","date_gmt":"2020-07-29T16:45:55","guid":{"rendered":"https:\/\/certuspro.com\/?page_id=3957"},"modified":"2020-07-29T17:03:19","modified_gmt":"2020-07-29T17:03:19","slug":"code-of-conduct","status":"publish","type":"page","link":"https:\/\/certuspro.com\/es\/code-of-conduct\/","title":{"rendered":"C\u00d3DIGO DE CONDUCTA"},"content":{"rendered":"<div class=\"wpb-content-wrapper\"><div class=\"vc_row wpb_row vc_row-fluid\"><div class=\"wpb_column vc_column_container vc_col-sm-12\"><div class=\"vc_column-inner\"><div class=\"wpb_wrapper\"><div id=\"ultimate-heading-165569f1e9c321879\" class=\"uvc-heading ult-adjust-bottom-margin ultimate-heading-165569f1e9c321879 uvc-4217\" data-hspacer=\"no_spacer\"  data-halign=\"center\" style=\"text-align:center\"><div class=\"uvc-heading-spacer no_spacer\" style=\"top\"><\/div><div class=\"uvc-main-heading ult-responsive\"  data-ultimate-target='.uvc-heading.ultimate-heading-165569f1e9c321879 h2'  data-responsive-json-new='{\"font-size\":\"\",\"line-height\":\"\"}' ><h2 style=\"font-weight:normal;\">C\u00d3DIGO DE CONDUCTA<\/h2><\/div><div class=\"uvc-sub-heading ult-responsive\"  data-ultimate-target='.uvc-heading.ultimate-heading-165569f1e9c321879 .uvc-sub-heading '  data-responsive-json-new='{\"font-size\":\"\",\"line-height\":\"\"}'  style=\"font-weight:normal;\"><\/p>\r\n<p>&nbsp;<\/p>\r\n<p>&nbsp;<\/p>\r\n<p><\/div><\/div><\/div><\/div><\/div><\/div><div class=\"vc_row wpb_row vc_row-fluid\"><div class=\"wpb_column vc_column_container vc_col-sm-12\"><div class=\"vc_column-inner\"><div class=\"wpb_wrapper\">\n\t<div class=\"wpb_text_column wpb_content_element\" >\n\t\t<div class=\"wpb_wrapper\">\n\t\t\t<p>En Certus, somos escrupulosos con nuestra \u00e9tica e integridad, y esperamos que nuestros profesionales certificados tambi\u00e9n lo sean. Por lo tanto, como parte de nuestro proceso de certificaci\u00f3n, requerimos que nuestros solicitantes de certificaci\u00f3n y recertificaci\u00f3n est\u00e9n de acuerdo con nuestro c\u00f3digo de conducta. El incumplimiento de este c\u00f3digo de conducta puede resultar en la suspensi\u00f3n o el retiro de nuestra certificaci\u00f3n.<\/p>\n<ul>\n<li>Actuar\u00e9 de forma \u00e9tica, profesional, precisa e imparcial, teniendo en cuenta las normas profesionales.<\/li>\n<li>Mantendr\u00e9 la competencia en mi(s) campo(s) respectivo(s) y me esforzar\u00e9 por mejorar mis habilidades profesionales a trav\u00e9s del desarrollo profesional continuo y la experiencia laboral.<\/li>\n<li>No aceptar\u00e9 ninguna tarea para la que no sea competente.<\/li>\n<li>No representar\u00e9 intereses contradictorios o en competencia y revelar\u00e9 cualquier relaci\u00f3n a cualquier cliente o empleador que pueda influir en mi juicio.<\/li>\n<li>No discutir\u00e9 ni revelar\u00e9 ninguna informaci\u00f3n relacionada con ninguna asignaci\u00f3n a menos que lo exija la ley o lo autorice por escrito el cliente y\/o mi organizaci\u00f3n empleadora.<\/li>\n<li>No aceptar\u00e9 ning\u00fan incentivo, comisi\u00f3n, regalo o cualquier otro beneficio de las organizaciones clientes, sus empleados o cualquier parte interesada, ni permitir\u00e9 a sabiendas que mis colegas lo hagan.<\/li>\n<li>No comunicar\u00e9 intencionalmente informaci\u00f3n falsa o enga\u00f1osa que pueda comprometer la integridad de cualquier asignaci\u00f3n, el proceso de certificaci\u00f3n de personal o Certus.<\/li>\n<li>Respetar\u00e9 la propiedad intelectual y las contribuciones de los dem\u00e1s.<\/li>\n<li>Cumplir\u00e9 con todas las leyes y reglamentos de las jurisdicciones en las que llevo a cabo actividades profesionales.<\/li>\n<li>Cumplir\u00e9 con los requisitos de certificaci\u00f3n, procedimientos y asesoramiento t\u00e9cnicos de Certus que son relevantes para mi profesi\u00f3n o certificaci\u00f3n.<\/li>\n<li>Cumplir\u00e9 con las normas espec\u00edficas de la industria, incluidas las normas internacionales que sean relevantes para mi profesi\u00f3n o certificaci\u00f3n.<\/li>\n<li>No actuar\u00e9 de ninguna manera que perjudique la reputaci\u00f3n de Certus o el proceso de certificaci\u00f3n del personal y cooperar\u00e9 plenamente con cualquier investigaci\u00f3n en caso de cualquier presunta violaci\u00f3n de este c\u00f3digo.<\/li>\n<li>Me someter\u00e9 a este c\u00f3digo de conducta y al proceso de quejas y apelaciones de Certus.<\/li>\n<li>Entiendo que cualquier violaci\u00f3n de este c\u00f3digo de conducta puede dar lugar a advertencias, suspensiones o retirada de la certificaci\u00f3n, de acuerdo con los procedimientos de Certus.<\/li>\n<\/ul>\n<p>En caso de que surja un problema en torno a cualquiera de los elementos de nuestro c\u00f3digo de conducta y un profesional certificado, Certus iniciar\u00e1 una investigaci\u00f3n del incidente seg\u00fan nuestros procedimientos de quejas y apelaciones.<\/p>\n\n\t\t<\/div>\n\t<\/div>\n<\/div><\/div><\/div><\/div><\/div>","protected":false},"excerpt":{"rendered":"<p>Code of Conduct &nbsp; &nbsp; At Certus, we are scrupulous about our ethics and integrity, and we expect our certified professionals to be so too. Therefore, as part of our certification process, we require our applicants for certification and recertification to agree to our code of conduct. Failure to adhere to this code of conduct&hellip;<\/p>","protected":false},"author":1,"featured_media":0,"parent":0,"menu_order":0,"comment_status":"closed","ping_status":"open","template":"","meta":{"_coblocks_attr":"","_coblocks_dimensions":"","_coblocks_responsive_height":"","_coblocks_accordion_ie_support":"","footnotes":""},"class_list":["post-3957","page","type-page","status-publish","hentry","description-off"],"yoast_head":"<!-- This site is optimized with the Yoast SEO Premium plugin v18.2.1 (Yoast SEO v23.2) - https:\/\/yoast.com\/wordpress\/plugins\/seo\/ -->\n<title>Code of Conduct - Certus Professional Certification Inc.<\/title>\n<meta name=\"robots\" content=\"index, follow, max-snippet:-1, max-image-preview:large, max-video-preview:-1\" \/>\n<link rel=\"canonical\" href=\"https:\/\/certuspro.com\/es\/code-of-conduct\/\" \/>\n<meta property=\"og:locale\" content=\"es_ES\" \/>\n<meta property=\"og:type\" content=\"article\" \/>\n<meta property=\"og:title\" content=\"Code of Conduct\" \/>\n<meta property=\"og:url\" content=\"https:\/\/certuspro.com\/es\/code-of-conduct\/\" \/>\n<meta property=\"og:site_name\" content=\"Certus Professional Certification Inc.\" \/>\n<meta property=\"article:modified_time\" content=\"2020-07-29T17:03:19+00:00\" \/>\n<meta name=\"twitter:card\" content=\"summary_large_image\" \/>\n<meta name=\"twitter:label1\" content=\"Tiempo estimado de lectura\" \/>\n\t<meta name=\"twitter:data1\" content=\"2 minutos\" \/>\n<script type=\"application\/ld+json\" class=\"yoast-schema-graph\">{\"@context\":\"https:\/\/schema.org\",\"@graph\":[{\"@type\":\"WebPage\",\"@id\":\"https:\/\/certuspro.com\/code-of-conduct\/\",\"url\":\"https:\/\/certuspro.com\/code-of-conduct\/\",\"name\":\"Code of Conduct - Certus Professional Certification Inc.\",\"isPartOf\":{\"@id\":\"https:\/\/certuspro.com\/#website\"},\"datePublished\":\"2020-07-29T16:45:55+00:00\",\"dateModified\":\"2020-07-29T17:03:19+00:00\",\"breadcrumb\":{\"@id\":\"https:\/\/certuspro.com\/code-of-conduct\/#breadcrumb\"},\"inLanguage\":\"es-CL\",\"potentialAction\":[{\"@type\":\"ReadAction\",\"target\":[\"https:\/\/certuspro.com\/code-of-conduct\/\"]}]},{\"@type\":\"BreadcrumbList\",\"@id\":\"https:\/\/certuspro.com\/code-of-conduct\/#breadcrumb\",\"itemListElement\":[{\"@type\":\"ListItem\",\"position\":1,\"name\":\"Home\",\"item\":\"https:\/\/certuspro.com\/\"},{\"@type\":\"ListItem\",\"position\":2,\"name\":\"Code of Conduct\"}]},{\"@type\":\"WebSite\",\"@id\":\"https:\/\/certuspro.com\/#website\",\"url\":\"https:\/\/certuspro.com\/\",\"name\":\"Certus Professional Certification Inc.\",\"description\":\"Real. Valid. Certification.\",\"potentialAction\":[{\"@type\":\"SearchAction\",\"target\":{\"@type\":\"EntryPoint\",\"urlTemplate\":\"https:\/\/certuspro.com\/?s={search_term_string}\"},\"query-input\":\"required name=search_term_string\"}],\"inLanguage\":\"es-CL\"}]}<\/script>\n<!-- \/ Yoast SEO Premium plugin. -->","yoast_head_json":{"title":"Code of Conduct - Certus Professional Certification Inc.","robots":{"index":"index","follow":"follow","max-snippet":"max-snippet:-1","max-image-preview":"max-image-preview:large","max-video-preview":"max-video-preview:-1"},"canonical":"https:\/\/certuspro.com\/es\/code-of-conduct\/","og_locale":"es_ES","og_type":"article","og_title":"Code of Conduct","og_url":"https:\/\/certuspro.com\/es\/code-of-conduct\/","og_site_name":"Certus Professional Certification Inc.","article_modified_time":"2020-07-29T17:03:19+00:00","twitter_card":"summary_large_image","twitter_misc":{"Tiempo estimado de lectura":"2 minutos"},"schema":{"@context":"https:\/\/schema.org","@graph":[{"@type":"WebPage","@id":"https:\/\/certuspro.com\/code-of-conduct\/","url":"https:\/\/certuspro.com\/code-of-conduct\/","name":"Code of Conduct - Certus Professional Certification Inc.","isPartOf":{"@id":"https:\/\/certuspro.com\/#website"},"datePublished":"2020-07-29T16:45:55+00:00","dateModified":"2020-07-29T17:03:19+00:00","breadcrumb":{"@id":"https:\/\/certuspro.com\/code-of-conduct\/#breadcrumb"},"inLanguage":"es-CL","potentialAction":[{"@type":"ReadAction","target":["https:\/\/certuspro.com\/code-of-conduct\/"]}]},{"@type":"BreadcrumbList","@id":"https:\/\/certuspro.com\/code-of-conduct\/#breadcrumb","itemListElement":[{"@type":"ListItem","position":1,"name":"Home","item":"https:\/\/certuspro.com\/"},{"@type":"ListItem","position":2,"name":"Code of Conduct"}]},{"@type":"WebSite","@id":"https:\/\/certuspro.com\/#website","url":"https:\/\/certuspro.com\/","name":"Certus Professional Certification Inc.","description":"Real. Valid. Certification.","potentialAction":[{"@type":"SearchAction","target":{"@type":"EntryPoint","urlTemplate":"https:\/\/certuspro.com\/?s={search_term_string}"},"query-input":"required name=search_term_string"}],"inLanguage":"es-CL"}]}},"_links":{"self":[{"href":"https:\/\/certuspro.com\/es\/wp-json\/wp\/v2\/pages\/3957","targetHints":{"allow":["GET"]}}],"collection":[{"href":"https:\/\/certuspro.com\/es\/wp-json\/wp\/v2\/pages"}],"about":[{"href":"https:\/\/certuspro.com\/es\/wp-json\/wp\/v2\/types\/page"}],"author":[{"embeddable":true,"href":"https:\/\/certuspro.com\/es\/wp-json\/wp\/v2\/users\/1"}],"replies":[{"embeddable":true,"href":"https:\/\/certuspro.com\/es\/wp-json\/wp\/v2\/comments?post=3957"}],"version-history":[{"count":2,"href":"https:\/\/certuspro.com\/es\/wp-json\/wp\/v2\/pages\/3957\/revisions"}],"predecessor-version":[{"id":3963,"href":"https:\/\/certuspro.com\/es\/wp-json\/wp\/v2\/pages\/3957\/revisions\/3963"}],"wp:attachment":[{"href":"https:\/\/certuspro.com\/es\/wp-json\/wp\/v2\/media?parent=3957"}],"curies":[{"name":"wp","href":"https:\/\/api.w.org\/{rel}","templated":true}]}}