{"id":3960,"date":"2020-07-29T17:01:39","date_gmt":"2020-07-29T17:01:39","guid":{"rendered":"https:\/\/certuspro.com\/?page_id=3960"},"modified":"2020-07-29T17:01:39","modified_gmt":"2020-07-29T17:01:39","slug":"statement-of-impartiality","status":"publish","type":"page","link":"https:\/\/certuspro.com\/es\/statement-of-impartiality\/","title":{"rendered":"DECLARACI\u00d3N DE IMPARCIALIDAD"},"content":{"rendered":"<div class=\"wpb-content-wrapper\"><div class=\"vc_row wpb_row vc_row-fluid\"><div class=\"wpb_column vc_column_container vc_col-sm-12\"><div class=\"vc_column-inner\"><div class=\"wpb_wrapper\"><div id=\"ultimate-heading-12569f1e9a12cf39\" class=\"uvc-heading ult-adjust-bottom-margin ultimate-heading-12569f1e9a12cf39 uvc-3685\" data-hspacer=\"no_spacer\"  data-halign=\"center\" style=\"text-align:center\"><div class=\"uvc-heading-spacer no_spacer\" style=\"top\"><\/div><div class=\"uvc-main-heading ult-responsive\"  data-ultimate-target='.uvc-heading.ultimate-heading-12569f1e9a12cf39 h2'  data-responsive-json-new='{\"font-size\":\"\",\"line-height\":\"\"}' ><h2 style=\"font-weight:normal;\">DECLARACI\u00d3N DE IMPARCIALIDAD<\/h2><\/div><div class=\"uvc-sub-heading ult-responsive\"  data-ultimate-target='.uvc-heading.ultimate-heading-12569f1e9a12cf39 .uvc-sub-heading '  data-responsive-json-new='{\"font-size\":\"\",\"line-height\":\"\"}'  style=\"font-weight:normal;\"><\/p>\n<p>&nbsp;<\/p>\n<p>&nbsp;<\/p>\n<p><\/div><\/div><\/div><\/div><\/div><\/div><div class=\"vc_row wpb_row vc_row-fluid\"><div class=\"wpb_column vc_column_container vc_col-sm-12\"><div class=\"vc_column-inner\"><div class=\"wpb_wrapper\">\n\t<div class=\"wpb_text_column wpb_content_element\" >\n\t\t<div class=\"wpb_wrapper\">\n\t\t\t<p>Certus comprende la importancia de la imparcialidad en la realizaci\u00f3n de nuestras actividades de certificaci\u00f3n. Hemos dise\u00f1ado nuestra organizaci\u00f3n, nuestra estructura de gesti\u00f3n, nuestro personal y nuestros productos para poder actuar de manera imparcial en relaci\u00f3n con nuestros solicitantes, candidatos y personas certificadas.<\/p>\n<p>Certus ha documentado su estructura, pol\u00edticas y procedimientos para gestionar la imparcialidad y asegurar que nuestras actividades de certificaci\u00f3n se lleven a cabo de manera imparcial y tiene el compromiso de la alta direcci\u00f3n con la imparcialidad en nuestras actividades de certificaci\u00f3n.<\/p>\n<p>Nuestras pol\u00edticas y procedimientos para la certificaci\u00f3n de personas est\u00e1n dise\u00f1adas para ser justas entre todos los solicitantes, candidatos y personas certificadas.<\/p>\n<p>Certus no restringe la certificaci\u00f3n sobre la base de condiciones financieras indebidas u otras condiciones restrictivas. Certus no exige que los solicitantes, candidatos o personas certificadas sean miembros de ninguna asociaci\u00f3n o grupo.<\/p>\n<p>Certus es el \u00fanico responsable de la imparcialidad de nuestras actividades de certificaci\u00f3n y no permite que las presiones comerciales, financieras o de otro tipo comprometan nuestra imparcialidad.<\/p>\n<p>Certus analiza, documenta y elimina cualquier conflicto de intereses potencial que surja de nuestras actividades de certificaci\u00f3n, las cuales est\u00e1n estructuradas y gestionadas para salvaguardar la imparcialidad.<\/p>\n\n\t\t<\/div>\n\t<\/div>\n<\/div><\/div><\/div><\/div>\n<\/div>","protected":false},"excerpt":{"rendered":"<p>Statement of Impartiality &nbsp; &nbsp; Certus understands the importance of impartiality in carrying out our certification activities. We have designed our organization, management structure, staffing, and products to enable us to act impartially in relation to our applicants, candidates, and certified persons. Certus has documented its structure, policies, and procedures to manage impartiality and to&hellip;<\/p>","protected":false},"author":1,"featured_media":0,"parent":0,"menu_order":0,"comment_status":"closed","ping_status":"open","template":"","meta":{"_coblocks_attr":"","_coblocks_dimensions":"","_coblocks_responsive_height":"","_coblocks_accordion_ie_support":"","footnotes":""},"class_list":["post-3960","page","type-page","status-publish","hentry","description-off"],"yoast_head":"<!-- This site is optimized with the Yoast SEO Premium plugin v18.2.1 (Yoast SEO v23.2) - https:\/\/yoast.com\/wordpress\/plugins\/seo\/ -->\n<title>Statement of Impartiality - Certus Professional Certification Inc.<\/title>\n<meta name=\"robots\" content=\"index, follow, max-snippet:-1, max-image-preview:large, max-video-preview:-1\" \/>\n<link rel=\"canonical\" href=\"https:\/\/certuspro.com\/es\/statement-of-impartiality\/\" \/>\n<meta property=\"og:locale\" content=\"es_ES\" \/>\n<meta property=\"og:type\" content=\"article\" \/>\n<meta property=\"og:title\" content=\"Statement of Impartiality\" \/>\n<meta property=\"og:url\" content=\"https:\/\/certuspro.com\/es\/statement-of-impartiality\/\" \/>\n<meta property=\"og:site_name\" content=\"Certus Professional Certification Inc.\" \/>\n<meta name=\"twitter:card\" content=\"summary_large_image\" \/>\n<meta name=\"twitter:label1\" content=\"Tiempo estimado de lectura\" \/>\n\t<meta name=\"twitter:data1\" content=\"1 minuto\" \/>\n<script type=\"application\/ld+json\" class=\"yoast-schema-graph\">{\"@context\":\"https:\/\/schema.org\",\"@graph\":[{\"@type\":\"WebPage\",\"@id\":\"https:\/\/certuspro.com\/es\/statement-of-impartiality\/\",\"url\":\"https:\/\/certuspro.com\/es\/statement-of-impartiality\/\",\"name\":\"Statement of Impartiality - Certus Professional Certification Inc.\",\"isPartOf\":{\"@id\":\"https:\/\/certuspro.com\/#website\"},\"datePublished\":\"2020-07-29T17:01:39+00:00\",\"dateModified\":\"2020-07-29T17:01:39+00:00\",\"breadcrumb\":{\"@id\":\"https:\/\/certuspro.com\/es\/statement-of-impartiality\/#breadcrumb\"},\"inLanguage\":\"es-CL\",\"potentialAction\":[{\"@type\":\"ReadAction\",\"target\":[\"https:\/\/certuspro.com\/es\/statement-of-impartiality\/\"]}]},{\"@type\":\"BreadcrumbList\",\"@id\":\"https:\/\/certuspro.com\/es\/statement-of-impartiality\/#breadcrumb\",\"itemListElement\":[{\"@type\":\"ListItem\",\"position\":1,\"name\":\"Home\",\"item\":\"https:\/\/certuspro.com\/\"},{\"@type\":\"ListItem\",\"position\":2,\"name\":\"Statement of Impartiality\"}]},{\"@type\":\"WebSite\",\"@id\":\"https:\/\/certuspro.com\/#website\",\"url\":\"https:\/\/certuspro.com\/\",\"name\":\"Certus Professional Certification Inc.\",\"description\":\"Real. Valid. Certification.\",\"potentialAction\":[{\"@type\":\"SearchAction\",\"target\":{\"@type\":\"EntryPoint\",\"urlTemplate\":\"https:\/\/certuspro.com\/?s={search_term_string}\"},\"query-input\":\"required name=search_term_string\"}],\"inLanguage\":\"es-CL\"}]}<\/script>\n<!-- \/ Yoast SEO Premium plugin. -->","yoast_head_json":{"title":"Statement of Impartiality - Certus Professional Certification Inc.","robots":{"index":"index","follow":"follow","max-snippet":"max-snippet:-1","max-image-preview":"max-image-preview:large","max-video-preview":"max-video-preview:-1"},"canonical":"https:\/\/certuspro.com\/es\/statement-of-impartiality\/","og_locale":"es_ES","og_type":"article","og_title":"Statement of Impartiality","og_url":"https:\/\/certuspro.com\/es\/statement-of-impartiality\/","og_site_name":"Certus Professional Certification Inc.","twitter_card":"summary_large_image","twitter_misc":{"Tiempo estimado de lectura":"1 minuto"},"schema":{"@context":"https:\/\/schema.org","@graph":[{"@type":"WebPage","@id":"https:\/\/certuspro.com\/es\/statement-of-impartiality\/","url":"https:\/\/certuspro.com\/es\/statement-of-impartiality\/","name":"Statement of Impartiality - Certus Professional Certification Inc.","isPartOf":{"@id":"https:\/\/certuspro.com\/#website"},"datePublished":"2020-07-29T17:01:39+00:00","dateModified":"2020-07-29T17:01:39+00:00","breadcrumb":{"@id":"https:\/\/certuspro.com\/es\/statement-of-impartiality\/#breadcrumb"},"inLanguage":"es-CL","potentialAction":[{"@type":"ReadAction","target":["https:\/\/certuspro.com\/es\/statement-of-impartiality\/"]}]},{"@type":"BreadcrumbList","@id":"https:\/\/certuspro.com\/es\/statement-of-impartiality\/#breadcrumb","itemListElement":[{"@type":"ListItem","position":1,"name":"Home","item":"https:\/\/certuspro.com\/"},{"@type":"ListItem","position":2,"name":"Statement of Impartiality"}]},{"@type":"WebSite","@id":"https:\/\/certuspro.com\/#website","url":"https:\/\/certuspro.com\/","name":"Certus Professional Certification Inc.","description":"Real. Valid. Certification.","potentialAction":[{"@type":"SearchAction","target":{"@type":"EntryPoint","urlTemplate":"https:\/\/certuspro.com\/?s={search_term_string}"},"query-input":"required name=search_term_string"}],"inLanguage":"es-CL"}]}},"_links":{"self":[{"href":"https:\/\/certuspro.com\/es\/wp-json\/wp\/v2\/pages\/3960","targetHints":{"allow":["GET"]}}],"collection":[{"href":"https:\/\/certuspro.com\/es\/wp-json\/wp\/v2\/pages"}],"about":[{"href":"https:\/\/certuspro.com\/es\/wp-json\/wp\/v2\/types\/page"}],"author":[{"embeddable":true,"href":"https:\/\/certuspro.com\/es\/wp-json\/wp\/v2\/users\/1"}],"replies":[{"embeddable":true,"href":"https:\/\/certuspro.com\/es\/wp-json\/wp\/v2\/comments?post=3960"}],"version-history":[{"count":2,"href":"https:\/\/certuspro.com\/es\/wp-json\/wp\/v2\/pages\/3960\/revisions"}],"predecessor-version":[{"id":3962,"href":"https:\/\/certuspro.com\/es\/wp-json\/wp\/v2\/pages\/3960\/revisions\/3962"}],"wp:attachment":[{"href":"https:\/\/certuspro.com\/es\/wp-json\/wp\/v2\/media?parent=3960"}],"curies":[{"name":"wp","href":"https:\/\/api.w.org\/{rel}","templated":true}]}}