{"id":4042,"date":"2020-07-30T12:24:47","date_gmt":"2020-07-30T12:24:47","guid":{"rendered":"https:\/\/certuspro.com\/?page_id=4042"},"modified":"2020-11-18T12:44:11","modified_gmt":"2020-11-18T12:44:11","slug":"how-to-get-certus-certified","status":"publish","type":"page","link":"https:\/\/certuspro.com\/es\/how-to-get-certus-certified\/","title":{"rendered":"C\u00d3MO CERTIFICARSE CON CERTUS"},"content":{"rendered":"<div class=\"wpb-content-wrapper\"><div class=\"vc_row wpb_row vc_row-fluid\"><div class=\"wpb_column vc_column_container vc_col-sm-12\"><div class=\"vc_column-inner\"><div class=\"wpb_wrapper\"><div id=\"ultimate-heading-186469f1e4891706a\" class=\"uvc-heading ult-adjust-bottom-margin ultimate-heading-186469f1e4891706a uvc-8716\" data-hspacer=\"no_spacer\"  data-halign=\"center\" style=\"text-align:center\"><div class=\"uvc-heading-spacer no_spacer\" style=\"top\"><\/div><div class=\"uvc-main-heading ult-responsive\"  data-ultimate-target='.uvc-heading.ultimate-heading-186469f1e4891706a h2'  data-responsive-json-new='{\"font-size\":\"\",\"line-height\":\"\"}' ><h2 style=\"font-weight:normal;\">EL PROCESO DE CERTIFICACI\u00d3N DE CERTUS<\/h2><\/div><div class=\"uvc-sub-heading ult-responsive\"  data-ultimate-target='.uvc-heading.ultimate-heading-186469f1e4891706a .uvc-sub-heading '  data-responsive-json-new='{\"font-size\":\"\",\"line-height\":\"\"}'  style=\"font-weight:normal;\"><\/p>\n<p>&nbsp;<\/p>\n<p>&nbsp;<\/p>\n<p><\/div><\/div><\/div><\/div><\/div><\/div><div class=\"vc_row wpb_row vc_row-fluid\"><div class=\"wpb_column vc_column_container vc_col-sm-12\"><div class=\"vc_column-inner\"><div class=\"wpb_wrapper\">\n\t<div class=\"wpb_text_column wpb_content_element\" >\n\t\t<div class=\"wpb_wrapper\">\n\t\t\t<p>La certificaci\u00f3n de Certus demuestra a un p\u00fablico mundial que su certificaci\u00f3n es evidencia v\u00e1lida de tus conocimientos, habilidades y competencia. Para empezar, s\u00f3lo tienes que seguir los pasos que se indican a continuaci\u00f3n. Puedes incluso calificar para una certificaci\u00f3n gratuita cuando transfieres tu certificaci\u00f3n de otro organismo a Certus.<\/p>\n<p>&nbsp;<\/p>\n<h3>ELEGIR LA(S) CERTIFICACI\u00d3N(ES) ADECUADA(S) PARA T\u00cd<\/h3>\n<p>Certus ofrece una variedad de programas de certificaci\u00f3n. Visita la pesta\u00f1a Certificaciones en el men\u00fa de arriba para ver una lista de todos los programas de certificaci\u00f3n disponibles actualmente.<\/p>\n<p>&nbsp;<\/p>\n<h3>REVISA LOS REQUISITOS DE CERTIFICACI\u00d3N<\/h3>\n<p>Revisa cuidadosamente los requisitos de certificaci\u00f3n espec\u00edficos de la(s) certificaci\u00f3n(es) que deseas obtener. Aseg\u00farate de que cumples con los requisitos antes de presentar la solicitud. La mayor\u00eda de los requisitos de nuestro programa de certificaci\u00f3n incluyen formaci\u00f3n, experiencia profesional, experiencia en auditor\u00eda y un examen. Algunos programas tambi\u00e9n requieren experiencia en educaci\u00f3n. Ll\u00e1manos o env\u00edanos un correo electr\u00f3nico con cualquier pregunta.<\/p>\n<p>&nbsp;<\/p>\n<h3>SOLICITAR LA CERTIFICACI\u00d3N<\/h3>\n<p>Si eres cliente nuevo, crea una nueva cuenta y registra tus datos de contacto haciendo clic en el bot\u00f3n Iniciar sesi\u00f3n. Una vez creada la cuenta, puedes proceder a solicitar la certificaci\u00f3n. <a href=\"https:\/\/certuspro.com\/es\/my-account\/\">Registrarse<\/a> button. Once you have an account created you may proceed to apply for certification.<\/p>\n<p>Durante el proceso de solicitud, tendr\u00e1s que seleccionar el esquema y el grado para el que deseas aplicar, y tendr\u00e1s que estar de acuerdo con nuestro c\u00f3digo de conducta.<\/p>\n<p>Tambi\u00e9n pagar\u00e1s una cuota de aplicaci\u00f3n no reembolsable y la cuota de certificaci\u00f3n del primer a\u00f1o.<\/p>\n<p>Una vez que hayamos recibido tu solicitud, recibir\u00e1s informaci\u00f3n sobre c\u00f3mo cargar las evidencias necesarias para completar tu solicitud. Tambi\u00e9n te enviaremos informaci\u00f3n sobre el examen necesario para tu certificaci\u00f3n, as\u00ed como informaci\u00f3n adicional sobre c\u00f3mo prepararse y tomar el examen.<\/p>\n<p>&nbsp;<\/p>\n<h3>PREPARARSE Y HACER EL EXAMEN<\/h3>\n<p>Como parte del proceso de aplicaci\u00f3n, te enviaremos un enlace a un examen en l\u00ednea pertinente a la certificaci\u00f3n que solicitas. El examen est\u00e1 dise\u00f1ado para comprobar tus conocimientos de los principios de auditor\u00eda y la norma en la que se basa tu certificaci\u00f3n.<\/p>\n<p>Tendr\u00e1s tres oportunidades para pasar el examen. La mejor preparaci\u00f3n es leer la versi\u00f3n actual de la norma ISO 19011 y la norma ISO en la que se basa tu certificaci\u00f3n, como la ISO 9001.<\/p>\n<p>Una vez que recibamos todos los documentos requeridos y que hayas aprobado el examen, emitiremos tu certificado. Recibir\u00e1s un kit de bienvenida electr\u00f3nico y un enlace para acceder a tu certificado digital y tu insignia digital a trav\u00e9s de nuestro socio Accredible.<\/p>\n<p>&nbsp;<\/p>\n<h3>C\u00d3MO HACER LA TRANSICI\u00d3N A CERTUS DE FORMA GRATUITA<\/h3>\n<p>Te concederemos la certificaci\u00f3n de Certus <strong>sin costo<\/strong> alguno en el mismo esquema y grado que tu certificaci\u00f3n actual con otro organismo. Tu certificaci\u00f3n Certus tendr\u00e1 la misma fecha de vencimiento que tu certificaci\u00f3n actual con el otro organismo de certificaci\u00f3n de personas hasta 12 meses. Por ejemplo, si tu certificaci\u00f3n actual se vence en 6 meses, tu certificaci\u00f3n Certus tendr\u00e1 la misma fecha de vencimiento. Debes cumplir con los requisitos para el esquema y el grado que selecciones. Haz clic <a href=\"https:\/\/certuspro.com\/es\/how-to-transition-to-certus\/\">aqu\u00ed<\/a> para obtener m\u00e1s informaci\u00f3n.<\/p>\n\n\t\t<\/div>\n\t<\/div>\n<\/div><\/div><\/div><\/div>\n<\/div>","protected":false},"excerpt":{"rendered":"<p>The Certus Certification Process &nbsp; &nbsp; Certus certification demonstrates to a global audience that your certification is valid evidence of your knowledge, skills, and competence. To begin, just follow the steps below. You may even quality for free certification when you transfer your certification from another body to Certus. &nbsp; Choose the Right Certification(s) for&hellip;<\/p>","protected":false},"author":1,"featured_media":0,"parent":0,"menu_order":0,"comment_status":"closed","ping_status":"open","template":"","meta":{"_coblocks_attr":"","_coblocks_dimensions":"","_coblocks_responsive_height":"","_coblocks_accordion_ie_support":"","footnotes":""},"class_list":["post-4042","page","type-page","status-publish","hentry","description-off"],"yoast_head":"<!-- This site is optimized with the Yoast SEO Premium plugin v18.2.1 (Yoast SEO v23.2) - https:\/\/yoast.com\/wordpress\/plugins\/seo\/ -->\n<title>How to Get Certus Certified - Certus Professional Certification Inc.<\/title>\n<meta name=\"description\" content=\"Certus certification demonstrates to a global audience that your certification is valid evidence of your knowledge, skills, and competence.\" \/>\n<meta name=\"robots\" content=\"index, follow, max-snippet:-1, max-image-preview:large, max-video-preview:-1\" \/>\n<link rel=\"canonical\" href=\"https:\/\/certuspro.com\/es\/how-to-get-certus-certified\/\" \/>\n<meta property=\"og:locale\" content=\"es_ES\" \/>\n<meta property=\"og:type\" content=\"article\" \/>\n<meta property=\"og:title\" content=\"How to Get Certus Certified\" \/>\n<meta property=\"og:description\" content=\"Certus certification demonstrates to a global audience that your certification is valid evidence of your knowledge, skills, and competence.\" \/>\n<meta property=\"og:url\" content=\"https:\/\/certuspro.com\/es\/how-to-get-certus-certified\/\" \/>\n<meta property=\"og:site_name\" content=\"Certus Professional Certification Inc.\" \/>\n<meta property=\"article:modified_time\" content=\"2020-11-18T12:44:11+00:00\" \/>\n<meta name=\"twitter:card\" content=\"summary_large_image\" \/>\n<meta name=\"twitter:label1\" content=\"Tiempo estimado de lectura\" \/>\n\t<meta name=\"twitter:data1\" content=\"3 minutos\" \/>\n<script type=\"application\/ld+json\" class=\"yoast-schema-graph\">{\"@context\":\"https:\/\/schema.org\",\"@graph\":[{\"@type\":\"WebPage\",\"@id\":\"https:\/\/certuspro.com\/how-to-get-certus-certified\/\",\"url\":\"https:\/\/certuspro.com\/how-to-get-certus-certified\/\",\"name\":\"How to Get Certus Certified - Certus Professional Certification Inc.\",\"isPartOf\":{\"@id\":\"https:\/\/certuspro.com\/#website\"},\"datePublished\":\"2020-07-30T12:24:47+00:00\",\"dateModified\":\"2020-11-18T12:44:11+00:00\",\"description\":\"Certus certification demonstrates to a global audience that your certification is valid evidence of your knowledge, skills, and competence.\",\"breadcrumb\":{\"@id\":\"https:\/\/certuspro.com\/how-to-get-certus-certified\/#breadcrumb\"},\"inLanguage\":\"es-CL\",\"potentialAction\":[{\"@type\":\"ReadAction\",\"target\":[\"https:\/\/certuspro.com\/how-to-get-certus-certified\/\"]}]},{\"@type\":\"BreadcrumbList\",\"@id\":\"https:\/\/certuspro.com\/how-to-get-certus-certified\/#breadcrumb\",\"itemListElement\":[{\"@type\":\"ListItem\",\"position\":1,\"name\":\"Home\",\"item\":\"https:\/\/certuspro.com\/\"},{\"@type\":\"ListItem\",\"position\":2,\"name\":\"How to Get Certus Certified\"}]},{\"@type\":\"WebSite\",\"@id\":\"https:\/\/certuspro.com\/#website\",\"url\":\"https:\/\/certuspro.com\/\",\"name\":\"Certus Professional Certification Inc.\",\"description\":\"Real. Valid. Certification.\",\"potentialAction\":[{\"@type\":\"SearchAction\",\"target\":{\"@type\":\"EntryPoint\",\"urlTemplate\":\"https:\/\/certuspro.com\/?s={search_term_string}\"},\"query-input\":\"required name=search_term_string\"}],\"inLanguage\":\"es-CL\"}]}<\/script>\n<!-- \/ Yoast SEO Premium plugin. -->","yoast_head_json":{"title":"How to Get Certus Certified - Certus Professional Certification Inc.","description":"Certus certification demonstrates to a global audience that your certification is valid evidence of your knowledge, skills, and competence.","robots":{"index":"index","follow":"follow","max-snippet":"max-snippet:-1","max-image-preview":"max-image-preview:large","max-video-preview":"max-video-preview:-1"},"canonical":"https:\/\/certuspro.com\/es\/how-to-get-certus-certified\/","og_locale":"es_ES","og_type":"article","og_title":"How to Get Certus Certified","og_description":"Certus certification demonstrates to a global audience that your certification is valid evidence of your knowledge, skills, and competence.","og_url":"https:\/\/certuspro.com\/es\/how-to-get-certus-certified\/","og_site_name":"Certus Professional Certification Inc.","article_modified_time":"2020-11-18T12:44:11+00:00","twitter_card":"summary_large_image","twitter_misc":{"Tiempo estimado de lectura":"3 minutos"},"schema":{"@context":"https:\/\/schema.org","@graph":[{"@type":"WebPage","@id":"https:\/\/certuspro.com\/how-to-get-certus-certified\/","url":"https:\/\/certuspro.com\/how-to-get-certus-certified\/","name":"How to Get Certus Certified - Certus Professional Certification Inc.","isPartOf":{"@id":"https:\/\/certuspro.com\/#website"},"datePublished":"2020-07-30T12:24:47+00:00","dateModified":"2020-11-18T12:44:11+00:00","description":"Certus certification demonstrates to a global audience that your certification is valid evidence of your knowledge, skills, and competence.","breadcrumb":{"@id":"https:\/\/certuspro.com\/how-to-get-certus-certified\/#breadcrumb"},"inLanguage":"es-CL","potentialAction":[{"@type":"ReadAction","target":["https:\/\/certuspro.com\/how-to-get-certus-certified\/"]}]},{"@type":"BreadcrumbList","@id":"https:\/\/certuspro.com\/how-to-get-certus-certified\/#breadcrumb","itemListElement":[{"@type":"ListItem","position":1,"name":"Home","item":"https:\/\/certuspro.com\/"},{"@type":"ListItem","position":2,"name":"How to Get Certus Certified"}]},{"@type":"WebSite","@id":"https:\/\/certuspro.com\/#website","url":"https:\/\/certuspro.com\/","name":"Certus Professional Certification Inc.","description":"Real. Valid. Certification.","potentialAction":[{"@type":"SearchAction","target":{"@type":"EntryPoint","urlTemplate":"https:\/\/certuspro.com\/?s={search_term_string}"},"query-input":"required name=search_term_string"}],"inLanguage":"es-CL"}]}},"_links":{"self":[{"href":"https:\/\/certuspro.com\/es\/wp-json\/wp\/v2\/pages\/4042","targetHints":{"allow":["GET"]}}],"collection":[{"href":"https:\/\/certuspro.com\/es\/wp-json\/wp\/v2\/pages"}],"about":[{"href":"https:\/\/certuspro.com\/es\/wp-json\/wp\/v2\/types\/page"}],"author":[{"embeddable":true,"href":"https:\/\/certuspro.com\/es\/wp-json\/wp\/v2\/users\/1"}],"replies":[{"embeddable":true,"href":"https:\/\/certuspro.com\/es\/wp-json\/wp\/v2\/comments?post=4042"}],"version-history":[{"count":6,"href":"https:\/\/certuspro.com\/es\/wp-json\/wp\/v2\/pages\/4042\/revisions"}],"predecessor-version":[{"id":4909,"href":"https:\/\/certuspro.com\/es\/wp-json\/wp\/v2\/pages\/4042\/revisions\/4909"}],"wp:attachment":[{"href":"https:\/\/certuspro.com\/es\/wp-json\/wp\/v2\/media?parent=4042"}],"curies":[{"name":"wp","href":"https:\/\/api.w.org\/{rel}","templated":true}]}}