{"id":4047,"date":"2020-07-30T12:39:27","date_gmt":"2020-07-30T12:39:27","guid":{"rendered":"https:\/\/certuspro.com\/?page_id=4047"},"modified":"2021-07-26T21:17:37","modified_gmt":"2021-07-26T21:17:37","slug":"how-to-transition-to-certus","status":"publish","type":"page","link":"https:\/\/certuspro.com\/es\/how-to-transition-to-certus\/","title":{"rendered":"C\u00d3MO HACER LA TRANSICI\u00d3N A CERTUS"},"content":{"rendered":"<div class=\"wpb-content-wrapper\"><div class=\"vc_row wpb_row vc_row-fluid\"><div class=\"wpb_column vc_column_container vc_col-sm-12\"><div class=\"vc_column-inner\"><div class=\"wpb_wrapper\"><div id=\"ultimate-heading-843869f1e9da29566\" class=\"uvc-heading ult-adjust-bottom-margin ultimate-heading-843869f1e9da29566 uvc-9767\" data-hspacer=\"no_spacer\"  data-halign=\"center\" style=\"text-align:center\"><div class=\"uvc-heading-spacer no_spacer\" style=\"top\"><\/div><div class=\"uvc-main-heading ult-responsive\"  data-ultimate-target='.uvc-heading.ultimate-heading-843869f1e9da29566 h2'  data-responsive-json-new='{\"font-size\":\"\",\"line-height\":\"\"}' ><h2 style=\"font-weight:normal;\">C\u00d3MO HACER LA TRANSICI\u00d3N A CERTUS DE FORMA GRATUITA<\/h2><\/div><\/div><div class=\"vc_empty_space\"   style=\"height: 32px\"><span class=\"vc_empty_space_inner\"><\/span><\/div><\/div><\/div><\/div><\/div><div class=\"vc_row wpb_row vc_row-fluid\"><div class=\"wpb_column vc_column_container vc_col-sm-12\"><div class=\"vc_column-inner\"><div class=\"wpb_wrapper\">\n\t<div class=\"wpb_text_column wpb_content_element\" >\n\t\t<div class=\"wpb_wrapper\">\n\t\t\t<p>Puedes transferir tu certificaci\u00f3n de auditor a Certus <strong>SIN COSTO<\/strong> alguno si tu certificaci\u00f3n actual fue emitida por uno de los organismos que se enumeran a continuaci\u00f3n:<\/p>\n<ul>\n<li>Ejemplar Global<\/li>\n<li>Registro Internacional de Auditores Certificados (CQI-IRCA)<\/li>\n<li>Junta de Evaluaci\u00f3n y Certificaci\u00f3n Profesional (PECB)<\/li>\n<\/ul>\n<p>&nbsp;<\/p>\n<p>Te entregaremos la certificaci\u00f3n Certus sin cargo con el mismo esquema y grado que tu certificaci\u00f3n actual, durante un m\u00e1ximo de 12 meses. Tu certificaci\u00f3n Certus tendr\u00e1 la misma fecha de vencimiento que tu certificaci\u00f3n actual con tu organismo de certificaci\u00f3n de personal actual, por hasta 12 meses. Por ejemplo, si tu certificaci\u00f3n actual vence en 6 meses m\u00e1s, tu certificaci\u00f3n Certus tendr\u00e1 la misma fecha de vencimiento.<\/p>\n<p>&nbsp;<\/p>\n<h3><strong>\u00bfQU\u00c9 SE NECESITA?<\/strong><\/h3>\n<p>You must provide evidence of current certification in the form of a current certificate or official letter from the authorizing body. A training certificate is <strong>not<\/strong> evidence of certification. Invoices and receipts will not be accepted as proof of certification. The certification granted will reflect the scheme and grade shown on your certificate.<\/p>\n<p>A\u00fan as\u00ed, deber\u00e1s cumplir los requisitos para la(s) certificaci\u00f3n(es) que selecciones, los cuales, para la mayor\u00eda de los grados, incluyen evidencia de experiencia laboral, experiencia en auditor\u00eda y capacitaci\u00f3n. Tambi\u00e9n debes aprobar el examen Certus para el esquema y el grado que hayas seleccionado. El examen no tiene costo alguno. Por favor, revisa los requisitos para el esquema y el grado espec\u00edfico que selecciones antes de solicitarlo.<\/p>\n<p>&nbsp;<\/p>\n<h3><strong>\u00bfC\u00d3MO TRANSFERIR TU CERTIFICACI\u00d3N DE AUDITOR A CERTUS?<\/strong><\/h3>\n<ol>\n<li>Elige el mismo esquema y grado que tu certificaci\u00f3n actual (otorgada por tu organismo de certificaci\u00f3n actual).<\/li>\n<li>Haz <a href=\"https:\/\/certuspro.com\/es\/my-account\/\">Registrarse<\/a> en Iniciar sesi\u00f3n en la esquina superior derecha de la pantalla.<\/li>\n<li>Registra tus datos.<\/li>\n<li>Solicita la (s) certificaci\u00f3n (es) de tu elecci\u00f3n. Puedes solicitar tantas certificaciones como desees. Recuerda que s\u00f3lo concederemos la certificaci\u00f3n gratuita si tienes pruebas de tu estado de certificaci\u00f3n actual.<\/li>\n<li>Introduce el c\u00f3digo de descuento <strong>CERTIFICADO<\/strong> (cuando llegues a la pantalla de pago). Deber\u00e1s ingresar tu informaci\u00f3n de pago. No se cargar\u00e1 ning\u00fan pago. Sin embargo, te cobraremos autom\u00e1ticamente la certificaci\u00f3n del pr\u00f3ximo a\u00f1o una vez que expire su certificaci\u00f3n actual.<\/li>\n<li>Proporciona la evidencia requerida para el esquema y el grado seleccionado.<\/li>\n<li>Realiza y aprueba el examen en l\u00ednea correspondiente a tu plan y calificaci\u00f3n. No hay tarifa por el examen.<\/li>\n<\/ol>\n<p>\u00a1Eso es! Por favor ll\u00e1manos o env\u00edenos un correo electr\u00f3nico con preguntas.<\/p>\n<p>&nbsp;<\/p>\n<h3>\u00bfPOR QU\u00c9 ESTAMOS HACIENDO ESTO?<\/h3>\n<p>Nuestra oferta de certificaci\u00f3n <strong>GRATUITA<\/strong> te brinda la oportunidad de ver c\u00f3mo funciona Certus y te permite tener una certificaci\u00f3n de auditor dual, hasta que decidas cu\u00e1l es la mejor.<\/p>\n\n\t\t<\/div>\n\t<\/div>\n<\/div><\/div><\/div><\/div>\n<\/div>","protected":false},"excerpt":{"rendered":"<p>Transition to Certus for FREE! You may transition your management system auditor certification to Certus at NO CHARGE if your current certification was issued by one of the bodies listed below: Exemplar Global International Register of Certified Auditors (CQI-IRCA) Professional Evaluation and Certification Board (PECB) &nbsp; We will grant you Certus certification at no charge&hellip;<\/p>","protected":false},"author":1,"featured_media":0,"parent":0,"menu_order":0,"comment_status":"closed","ping_status":"open","template":"","meta":{"_coblocks_attr":"","_coblocks_dimensions":"","_coblocks_responsive_height":"","_coblocks_accordion_ie_support":"","footnotes":""},"class_list":["post-4047","page","type-page","status-publish","hentry","description-off"],"yoast_head":"<!-- This site is optimized with the Yoast SEO Premium plugin v18.2.1 (Yoast SEO v23.2) - https:\/\/yoast.com\/wordpress\/plugins\/seo\/ -->\n<title>How to Transition to Certus - Certus Professional Certification Inc.<\/title>\n<meta name=\"description\" content=\"Transition to Certus now and we will grant you Certus certification at no charge at the same scheme and grade as your current certification.\" \/>\n<meta name=\"robots\" content=\"index, follow, max-snippet:-1, max-image-preview:large, max-video-preview:-1\" \/>\n<link rel=\"canonical\" href=\"https:\/\/certuspro.com\/es\/how-to-transition-to-certus\/\" \/>\n<meta property=\"og:locale\" content=\"es_ES\" \/>\n<meta property=\"og:type\" content=\"article\" \/>\n<meta property=\"og:title\" content=\"How to Transition to Certus\" \/>\n<meta property=\"og:description\" content=\"Transition to Certus now and we will grant you Certus certification at no charge at the same scheme and grade as your current certification.\" \/>\n<meta property=\"og:url\" content=\"https:\/\/certuspro.com\/es\/how-to-transition-to-certus\/\" \/>\n<meta property=\"og:site_name\" content=\"Certus Professional Certification Inc.\" \/>\n<meta property=\"article:modified_time\" content=\"2021-07-26T21:17:37+00:00\" \/>\n<meta name=\"twitter:card\" content=\"summary_large_image\" \/>\n<meta name=\"twitter:label1\" content=\"Tiempo estimado de lectura\" \/>\n\t<meta name=\"twitter:data1\" content=\"2 minutos\" \/>\n<script type=\"application\/ld+json\" class=\"yoast-schema-graph\">{\"@context\":\"https:\/\/schema.org\",\"@graph\":[{\"@type\":\"WebPage\",\"@id\":\"https:\/\/certuspro.com\/es\/how-to-transition-to-certus\/\",\"url\":\"https:\/\/certuspro.com\/es\/how-to-transition-to-certus\/\",\"name\":\"How to Transition to Certus - Certus Professional Certification Inc.\",\"isPartOf\":{\"@id\":\"https:\/\/certuspro.com\/#website\"},\"datePublished\":\"2020-07-30T12:39:27+00:00\",\"dateModified\":\"2021-07-26T21:17:37+00:00\",\"description\":\"Transition to Certus now and we will grant you Certus certification at no charge at the same scheme and grade as your current certification.\",\"breadcrumb\":{\"@id\":\"https:\/\/certuspro.com\/es\/how-to-transition-to-certus\/#breadcrumb\"},\"inLanguage\":\"es-CL\",\"potentialAction\":[{\"@type\":\"ReadAction\",\"target\":[\"https:\/\/certuspro.com\/es\/how-to-transition-to-certus\/\"]}]},{\"@type\":\"BreadcrumbList\",\"@id\":\"https:\/\/certuspro.com\/es\/how-to-transition-to-certus\/#breadcrumb\",\"itemListElement\":[{\"@type\":\"ListItem\",\"position\":1,\"name\":\"Home\",\"item\":\"https:\/\/certuspro.com\/\"},{\"@type\":\"ListItem\",\"position\":2,\"name\":\"How to Transition to Certus\"}]},{\"@type\":\"WebSite\",\"@id\":\"https:\/\/certuspro.com\/#website\",\"url\":\"https:\/\/certuspro.com\/\",\"name\":\"Certus Professional Certification Inc.\",\"description\":\"Real. Valid. Certification.\",\"potentialAction\":[{\"@type\":\"SearchAction\",\"target\":{\"@type\":\"EntryPoint\",\"urlTemplate\":\"https:\/\/certuspro.com\/?s={search_term_string}\"},\"query-input\":\"required name=search_term_string\"}],\"inLanguage\":\"es-CL\"}]}<\/script>\n<!-- \/ Yoast SEO Premium plugin. -->","yoast_head_json":{"title":"How to Transition to Certus - Certus Professional Certification Inc.","description":"Transition to Certus now and we will grant you Certus certification at no charge at the same scheme and grade as your current certification.","robots":{"index":"index","follow":"follow","max-snippet":"max-snippet:-1","max-image-preview":"max-image-preview:large","max-video-preview":"max-video-preview:-1"},"canonical":"https:\/\/certuspro.com\/es\/how-to-transition-to-certus\/","og_locale":"es_ES","og_type":"article","og_title":"How to Transition to Certus","og_description":"Transition to Certus now and we will grant you Certus certification at no charge at the same scheme and grade as your current certification.","og_url":"https:\/\/certuspro.com\/es\/how-to-transition-to-certus\/","og_site_name":"Certus Professional Certification Inc.","article_modified_time":"2021-07-26T21:17:37+00:00","twitter_card":"summary_large_image","twitter_misc":{"Tiempo estimado de lectura":"2 minutos"},"schema":{"@context":"https:\/\/schema.org","@graph":[{"@type":"WebPage","@id":"https:\/\/certuspro.com\/es\/how-to-transition-to-certus\/","url":"https:\/\/certuspro.com\/es\/how-to-transition-to-certus\/","name":"How to Transition to Certus - Certus Professional Certification Inc.","isPartOf":{"@id":"https:\/\/certuspro.com\/#website"},"datePublished":"2020-07-30T12:39:27+00:00","dateModified":"2021-07-26T21:17:37+00:00","description":"Transition to Certus now and we will grant you Certus certification at no charge at the same scheme and grade as your current certification.","breadcrumb":{"@id":"https:\/\/certuspro.com\/es\/how-to-transition-to-certus\/#breadcrumb"},"inLanguage":"es-CL","potentialAction":[{"@type":"ReadAction","target":["https:\/\/certuspro.com\/es\/how-to-transition-to-certus\/"]}]},{"@type":"BreadcrumbList","@id":"https:\/\/certuspro.com\/es\/how-to-transition-to-certus\/#breadcrumb","itemListElement":[{"@type":"ListItem","position":1,"name":"Home","item":"https:\/\/certuspro.com\/"},{"@type":"ListItem","position":2,"name":"How to Transition to Certus"}]},{"@type":"WebSite","@id":"https:\/\/certuspro.com\/#website","url":"https:\/\/certuspro.com\/","name":"Certus Professional Certification Inc.","description":"Real. Valid. Certification.","potentialAction":[{"@type":"SearchAction","target":{"@type":"EntryPoint","urlTemplate":"https:\/\/certuspro.com\/?s={search_term_string}"},"query-input":"required name=search_term_string"}],"inLanguage":"es-CL"}]}},"_links":{"self":[{"href":"https:\/\/certuspro.com\/es\/wp-json\/wp\/v2\/pages\/4047","targetHints":{"allow":["GET"]}}],"collection":[{"href":"https:\/\/certuspro.com\/es\/wp-json\/wp\/v2\/pages"}],"about":[{"href":"https:\/\/certuspro.com\/es\/wp-json\/wp\/v2\/types\/page"}],"author":[{"embeddable":true,"href":"https:\/\/certuspro.com\/es\/wp-json\/wp\/v2\/users\/1"}],"replies":[{"embeddable":true,"href":"https:\/\/certuspro.com\/es\/wp-json\/wp\/v2\/comments?post=4047"}],"version-history":[{"count":15,"href":"https:\/\/certuspro.com\/es\/wp-json\/wp\/v2\/pages\/4047\/revisions"}],"predecessor-version":[{"id":5574,"href":"https:\/\/certuspro.com\/es\/wp-json\/wp\/v2\/pages\/4047\/revisions\/5574"}],"wp:attachment":[{"href":"https:\/\/certuspro.com\/es\/wp-json\/wp\/v2\/media?parent=4047"}],"curies":[{"name":"wp","href":"https:\/\/api.w.org\/{rel}","templated":true}]}}