{"id":4114,"date":"2020-08-06T20:50:11","date_gmt":"2020-08-06T20:50:11","guid":{"rendered":"https:\/\/certuspro.com\/?page_id=4114"},"modified":"2020-11-12T18:01:17","modified_gmt":"2020-11-12T18:01:17","slug":"senior-discount","status":"publish","type":"page","link":"https:\/\/certuspro.com\/es\/senior-discount\/","title":{"rendered":"DESCUENTO PARA MAYORES"},"content":{"rendered":"<div class=\"wpb-content-wrapper\"><div class=\"vc_row wpb_row vc_row-fluid vc_custom_1575390546273 vc_row-o-content-middle vc_row-flex\"><div class=\"wpb_column vc_column_container vc_col-sm-12\"><div class=\"vc_column-inner\"><div class=\"wpb_wrapper\"><div class=\"vc_row wpb_row vc_inner vc_row-fluid vc_row-o-equal-height vc_row-o-content-middle vc_row-flex\"><div class=\"wpb_column vc_column_container vc_col-sm-6 vc_col-has-fill\"><div class=\"vc_column-inner vc_custom_1596746832277\"><div class=\"wpb_wrapper\"><\/div><\/div><\/div><div class=\"wpb_column vc_column_container vc_col-sm-6\"><div class=\"vc_column-inner vc_custom_1575390506246\"><div class=\"wpb_wrapper\"><div id=\"ultimate-heading-240469f1e9e943054\" class=\"uvc-heading ult-adjust-bottom-margin ultimate-heading-240469f1e9e943054 uvc-4721\" data-hspacer=\"no_spacer\"  data-halign=\"left\" style=\"text-align:left\"><div class=\"uvc-heading-spacer no_spacer\" style=\"top\"><\/div><div class=\"uvc-main-heading ult-responsive\"  data-ultimate-target='.uvc-heading.ultimate-heading-240469f1e9e943054 h3'  data-responsive-json-new='{\"font-size\":\"\",\"line-height\":\"\"}' ><h3 style=\"font-weight:bold;color:#148ba9;margin-bottom:20px;\">Las Personas Mayores Ahorran un 20%<\/h3><\/div><div class=\"uvc-sub-heading ult-responsive\"  data-ultimate-target='.uvc-heading.ultimate-heading-240469f1e9e943054 .uvc-sub-heading '  data-responsive-json-new='{\"font-size\":\"desktop:34px;\",\"line-height\":\"desktop:44px;\"}'  style=\"font-weight:bold;color:#222222;margin-bottom:30px;\">\u00a1Combina los descuentos y ahorra a\u00fan m\u00e1s!<\/div><\/div>\n\t<div class=\"wpb_text_column wpb_content_element\" >\n\t\t<div class=\"wpb_wrapper\">\n\t\t\t<p>En Certus, creemos que las personas mayores deben ahorrar, por lo que ofrecemos un 20% de descuento a nuestros clientes mayores de 65 a\u00f1os. S\u00f3lo tienes que introducir el c\u00f3digo de descuento SENIOR cuando solicites la certificaci\u00f3n. Es as\u00ed de f\u00e1cil. <strong>SENIOR<\/strong> when applying for certification. It&#8217;s that easy.<\/p>\n<p>&nbsp;<\/p>\n<h3>PERO ESPERA, \u00a1HAY M\u00c1S!<\/h3>\n<p>Si tienes m\u00e1s de una certificaci\u00f3n, puede ahorrar a\u00fan m\u00e1s, hasta un 30% de descuento cuando combinas su descuento para mayores y tu descuento por certificaci\u00f3n m\u00faltiple.<\/p>\n<p>&nbsp;<\/p>\n<h3>\u00bfCU\u00c1L ES EL TRUCO?<\/h3>\n<p>Es tan grande que pedimos una prueba de tu edad. Por favor, sube una copia de tu identificaci\u00f3n con foto o certificado de nacimiento al campo de identificaci\u00f3n cuando apliques.<\/p>\n\n\t\t<\/div>\n\t<\/div>\n<\/div><\/div><\/div><\/div><\/div><\/div><\/div><\/div><div data-vc-full-width=\"true\" data-vc-full-width-init=\"false\" class=\"vc_row wpb_row vc_row-fluid vc_custom_1596640634064 vc_row-has-fill\"><div class=\"wpb_column vc_column_container vc_col-sm-12 vc_col-lg-offset-2 vc_col-lg-8 vc_col-md-offset-2 vc_col-md-8 vc_col-sm-offset-0 vc_col-xs-12\"><div class=\"vc_column-inner\"><div class=\"wpb_wrapper\"><div id=\"ultimate-heading-602169f1e9e943303\" class=\"uvc-heading ult-adjust-bottom-margin ultimate-heading-602169f1e9e943303 uvc-7833\" data-hspacer=\"no_spacer\"  data-halign=\"center\" style=\"text-align:center\"><div class=\"uvc-heading-spacer no_spacer\" style=\"top\"><\/div><div class=\"uvc-main-heading ult-responsive\"  data-ultimate-target='.uvc-heading.ultimate-heading-602169f1e9e943303 h2'  data-responsive-json-new='{\"font-size\":\"\",\"line-height\":\"\"}' ><h2 style=\"font-weight:bold;color:#ffffff;margin-bottom:15px;\">\u00a1Personas mayores, solicite ahora y ahorre un 20%!<\/h2><\/div><div class=\"uvc-sub-heading ult-responsive\"  data-ultimate-target='.uvc-heading.ultimate-heading-602169f1e9e943303 .uvc-sub-heading '  data-responsive-json-new='{\"font-size\":\"\",\"line-height\":\"\"}'  style=\"font-weight:normal;color:rgba(255,255,255,0.7);margin-bottom:30px;\">Use el c\u00f3digo de descuento SENIOR al solicitar para ahorrar un 20%<\/div><\/div><style type=\"text\/css\" data-type=\"the7_shortcodes-inline-css\">#default-btn-83a3b156a5077d72862fadc64848caf2 {\n  border-radius: 100px;\n  font-size: 16px;\n  line-height: 18px;\n}\n.btn-shadow#default-btn-83a3b156a5077d72862fadc64848caf2 {\n  box-shadow: 0 1px 6px rgba(0,0,0,0.12);\n  transition: box-shadow 0.2s ease-out, opacity 0.45s;\n}\n.btn-shadow#default-btn-83a3b156a5077d72862fadc64848caf2:hover {\n  box-shadow: 0 5px 11px 0 rgba(0,0,0,0.18), 0 4px 15px 0 rgba(0,0,0,0.15);\n}\n.btn-3d#default-btn-83a3b156a5077d72862fadc64848caf2:hover {\n  box-shadow: 0px 2px 0px 0px rgba(224,224,224,0.05);\n}\n.btn-flat#default-btn-83a3b156a5077d72862fadc64848caf2 {\n  box-shadow: none;\n}\n.btn-flat#default-btn-83a3b156a5077d72862fadc64848caf2:hover {\n  box-shadow: none;\n}\n#default-btn-83a3b156a5077d72862fadc64848caf2.ico-right-side > i {\n  margin-right: 0px;\n  margin-left: 8px;\n}\n#default-btn-83a3b156a5077d72862fadc64848caf2 > i {\n  margin-right: 8px;\n  font-size: 16px;\n}\n#default-btn-83a3b156a5077d72862fadc64848caf2:not(:hover) {\n  border-width: 3px;\n  border-color: rgba(255,255,255,0.3) !important;\n  color: #ffffff;\n  background: none !important;\n  padding: 16px 10px 16px 10px;\n}\n#default-btn-83a3b156a5077d72862fadc64848caf2:not(:hover) * {\n  color: #ffffff;\n}\n#default-btn-83a3b156a5077d72862fadc64848caf2:hover {\n  border-width: 3px;\n  border-color: rgba(255,255,255,0.45) !important;\n  color: #ffffff;\n  background: rgba(255,255,255,0.05) !important;\n  padding: 16px 10px 16px 10px;\n}\n#default-btn-83a3b156a5077d72862fadc64848caf2:hover * {\n  color: #ffffff;\n}\n#default-btn-83a3b156a5077d72862fadc64848caf2.ico-right-side > i {\n  margin-right: 0px;\n  margin-left: 8px;\n}\n#default-btn-83a3b156a5077d72862fadc64848caf2 > i {\n  margin-right: 8px;\n}\n<\/style><div class=\"btn-align-center\"><a href=\"https:\/\/certuspro.com\/es\/available-certifications\/\" class=\"default-btn-shortcode dt-btn link-hover-off ico-right-side btn-flat\" id=\"default-btn-83a3b156a5077d72862fadc64848caf2\" style=\"width:240px;\" title=\"Contacto\"><span>\u00a1Aplica ya!<\/span><i class=\"icomoon-the7-font-the7-arrow-09\"><\/i><\/a><\/div><\/div><\/div><\/div><\/div><div class=\"vc_row-full-width vc_clearfix\"><\/div>\n<\/div>","protected":false},"excerpt":{"rendered":"<p>Seniors Save 20%!Combine Your Discounts and Save Even More! At Certus, we believe seniors should save, so we offer a 20% discount to our customers age 65 and older. Just enter the discount code SENIOR when applying for certification. It&#8217;s that easy. &nbsp; But Wait, There&#8217;s More! If you have more than one certification, you&hellip;<\/p>","protected":false},"author":1,"featured_media":0,"parent":0,"menu_order":0,"comment_status":"closed","ping_status":"closed","template":"","meta":{"_coblocks_attr":"","_coblocks_dimensions":"","_coblocks_responsive_height":"","_coblocks_accordion_ie_support":"","footnotes":""},"class_list":["post-4114","page","type-page","status-publish","hentry","description-off"],"yoast_head":"<!-- This site is optimized with the Yoast SEO Premium plugin v18.2.1 (Yoast SEO v23.2) - https:\/\/yoast.com\/wordpress\/plugins\/seo\/ -->\n<title>Senior Discount - Certus Professional Certification Inc.<\/title>\n<meta name=\"robots\" content=\"index, follow, max-snippet:-1, max-image-preview:large, max-video-preview:-1\" \/>\n<link rel=\"canonical\" href=\"https:\/\/certuspro.com\/es\/senior-discount\/\" \/>\n<meta property=\"og:locale\" content=\"es_ES\" \/>\n<meta property=\"og:type\" content=\"article\" \/>\n<meta property=\"og:title\" content=\"Senior Discount\" \/>\n<meta property=\"og:url\" content=\"https:\/\/certuspro.com\/es\/senior-discount\/\" \/>\n<meta property=\"og:site_name\" content=\"Certus Professional Certification Inc.\" \/>\n<meta property=\"article:modified_time\" content=\"2020-11-12T18:01:17+00:00\" \/>\n<meta name=\"twitter:card\" content=\"summary_large_image\" \/>\n<meta name=\"twitter:label1\" content=\"Tiempo estimado de lectura\" \/>\n\t<meta name=\"twitter:data1\" content=\"2 minutos\" \/>\n<script type=\"application\/ld+json\" class=\"yoast-schema-graph\">{\"@context\":\"https:\/\/schema.org\",\"@graph\":[{\"@type\":\"WebPage\",\"@id\":\"https:\/\/certuspro.com\/senior-discount\/\",\"url\":\"https:\/\/certuspro.com\/senior-discount\/\",\"name\":\"Senior Discount - Certus Professional Certification Inc.\",\"isPartOf\":{\"@id\":\"https:\/\/certuspro.com\/#website\"},\"datePublished\":\"2020-08-06T20:50:11+00:00\",\"dateModified\":\"2020-11-12T18:01:17+00:00\",\"breadcrumb\":{\"@id\":\"https:\/\/certuspro.com\/senior-discount\/#breadcrumb\"},\"inLanguage\":\"es-CL\",\"potentialAction\":[{\"@type\":\"ReadAction\",\"target\":[\"https:\/\/certuspro.com\/senior-discount\/\"]}]},{\"@type\":\"BreadcrumbList\",\"@id\":\"https:\/\/certuspro.com\/senior-discount\/#breadcrumb\",\"itemListElement\":[{\"@type\":\"ListItem\",\"position\":1,\"name\":\"Home\",\"item\":\"https:\/\/certuspro.com\/\"},{\"@type\":\"ListItem\",\"position\":2,\"name\":\"Senior Discount\"}]},{\"@type\":\"WebSite\",\"@id\":\"https:\/\/certuspro.com\/#website\",\"url\":\"https:\/\/certuspro.com\/\",\"name\":\"Certus Professional Certification Inc.\",\"description\":\"Real. Valid. Certification.\",\"potentialAction\":[{\"@type\":\"SearchAction\",\"target\":{\"@type\":\"EntryPoint\",\"urlTemplate\":\"https:\/\/certuspro.com\/?s={search_term_string}\"},\"query-input\":\"required name=search_term_string\"}],\"inLanguage\":\"es-CL\"}]}<\/script>\n<!-- \/ Yoast SEO Premium plugin. -->","yoast_head_json":{"title":"Senior Discount - Certus Professional Certification Inc.","robots":{"index":"index","follow":"follow","max-snippet":"max-snippet:-1","max-image-preview":"max-image-preview:large","max-video-preview":"max-video-preview:-1"},"canonical":"https:\/\/certuspro.com\/es\/senior-discount\/","og_locale":"es_ES","og_type":"article","og_title":"Senior Discount","og_url":"https:\/\/certuspro.com\/es\/senior-discount\/","og_site_name":"Certus Professional Certification Inc.","article_modified_time":"2020-11-12T18:01:17+00:00","twitter_card":"summary_large_image","twitter_misc":{"Tiempo estimado de lectura":"2 minutos"},"schema":{"@context":"https:\/\/schema.org","@graph":[{"@type":"WebPage","@id":"https:\/\/certuspro.com\/senior-discount\/","url":"https:\/\/certuspro.com\/senior-discount\/","name":"Senior Discount - Certus Professional Certification Inc.","isPartOf":{"@id":"https:\/\/certuspro.com\/#website"},"datePublished":"2020-08-06T20:50:11+00:00","dateModified":"2020-11-12T18:01:17+00:00","breadcrumb":{"@id":"https:\/\/certuspro.com\/senior-discount\/#breadcrumb"},"inLanguage":"es-CL","potentialAction":[{"@type":"ReadAction","target":["https:\/\/certuspro.com\/senior-discount\/"]}]},{"@type":"BreadcrumbList","@id":"https:\/\/certuspro.com\/senior-discount\/#breadcrumb","itemListElement":[{"@type":"ListItem","position":1,"name":"Home","item":"https:\/\/certuspro.com\/"},{"@type":"ListItem","position":2,"name":"Senior Discount"}]},{"@type":"WebSite","@id":"https:\/\/certuspro.com\/#website","url":"https:\/\/certuspro.com\/","name":"Certus Professional Certification Inc.","description":"Real. Valid. Certification.","potentialAction":[{"@type":"SearchAction","target":{"@type":"EntryPoint","urlTemplate":"https:\/\/certuspro.com\/?s={search_term_string}"},"query-input":"required name=search_term_string"}],"inLanguage":"es-CL"}]}},"_links":{"self":[{"href":"https:\/\/certuspro.com\/es\/wp-json\/wp\/v2\/pages\/4114","targetHints":{"allow":["GET"]}}],"collection":[{"href":"https:\/\/certuspro.com\/es\/wp-json\/wp\/v2\/pages"}],"about":[{"href":"https:\/\/certuspro.com\/es\/wp-json\/wp\/v2\/types\/page"}],"author":[{"embeddable":true,"href":"https:\/\/certuspro.com\/es\/wp-json\/wp\/v2\/users\/1"}],"replies":[{"embeddable":true,"href":"https:\/\/certuspro.com\/es\/wp-json\/wp\/v2\/comments?post=4114"}],"version-history":[{"count":6,"href":"https:\/\/certuspro.com\/es\/wp-json\/wp\/v2\/pages\/4114\/revisions"}],"predecessor-version":[{"id":4493,"href":"https:\/\/certuspro.com\/es\/wp-json\/wp\/v2\/pages\/4114\/revisions\/4493"}],"wp:attachment":[{"href":"https:\/\/certuspro.com\/es\/wp-json\/wp\/v2\/media?parent=4114"}],"curies":[{"name":"wp","href":"https:\/\/api.w.org\/{rel}","templated":true}]}}