{"id":4135,"date":"2020-08-07T14:04:43","date_gmt":"2020-08-07T14:04:43","guid":{"rendered":"https:\/\/certuspro.com\/?page_id=4135"},"modified":"2020-11-12T17:55:11","modified_gmt":"2020-11-12T17:55:11","slug":"digital-credentials","status":"publish","type":"page","link":"https:\/\/certuspro.com\/es\/digital-credentials\/","title":{"rendered":"Credenciales Digitales"},"content":{"rendered":"<div class=\"wpb-content-wrapper\"><div class=\"vc_row wpb_row vc_row-fluid\"><div class=\"wpb_column vc_column_container vc_col-sm-12\"><div class=\"vc_column-inner\"><div class=\"wpb_wrapper\"><div id=\"ultimate-heading-591469f1e9d88d575\" class=\"uvc-heading ult-adjust-bottom-margin ultimate-heading-591469f1e9d88d575 uvc-6133\" data-hspacer=\"no_spacer\"  data-halign=\"center\" style=\"text-align:center\"><div class=\"uvc-heading-spacer no_spacer\" style=\"top\"><\/div><div class=\"uvc-main-heading ult-responsive\"  data-ultimate-target='.uvc-heading.ultimate-heading-591469f1e9d88d575 h2'  data-responsive-json-new='{\"font-size\":\"\",\"line-height\":\"\"}' ><h2 style=\"font-weight:normal;\">COMPLEMENTAR TU CERTIFICACI\u00d3N CON TODOS LOS BENEFICIOS DE UNA CREDENCIAL DIGITAL<\/h2><\/div><div class=\"uvc-sub-heading ult-responsive\"  data-ultimate-target='.uvc-heading.ultimate-heading-591469f1e9d88d575 .uvc-sub-heading '  data-responsive-json-new='{\"font-size\":\"\",\"line-height\":\"\"}'  style=\"font-weight:normal;\"><\/p>\n<p><\/div><\/div><div class=\"vc_empty_space\"   style=\"height: 32px\"><span class=\"vc_empty_space_inner\"><\/span><\/div>\n\t<div class=\"wpb_text_column wpb_content_element\" >\n\t\t<div class=\"wpb_wrapper\">\n\t\t\t<p>Certus se ha asociado con Accredible, uno de los principales proveedores de credenciales digitales, para ofrecer a nuestros profesionales certificados tanto certificados digitales como insignias digitales. Estos te permiten compartir tu estatus de certificado con el mundo y te permiten recuperar tus credenciales en cualquier momento y en cualquier lugar.<\/p>\n\n\t\t<\/div>\n\t<\/div>\n<div class=\"vc_empty_space\"   style=\"height: 32px\"><span class=\"vc_empty_space_inner\"><\/span><\/div><\/div><\/div><\/div><\/div><div class=\"vc_row wpb_row vc_row-fluid\"><div class=\"wpb_column vc_column_container vc_col-sm-6\"><div class=\"vc_column-inner\"><div class=\"wpb_wrapper\"><div id=\"ultimate-heading-306369f1e9d88d950\" class=\"uvc-heading ult-adjust-bottom-margin ultimate-heading-306369f1e9d88d950 uvc-3917\" data-hspacer=\"no_spacer\"  data-halign=\"center\" style=\"text-align:center\"><div class=\"uvc-heading-spacer no_spacer\" style=\"top\"><\/div><div class=\"uvc-main-heading ult-responsive\"  data-ultimate-target='.uvc-heading.ultimate-heading-306369f1e9d88d950 h2'  data-responsive-json-new='{\"font-size\":\"\",\"line-height\":\"\"}' ><h2 style=\"font-weight:normal;\">SIEMPRE ACCESIBLE<\/h2><\/div><\/div><div class=\"vc_empty_space\"   style=\"height: 32px\"><span class=\"vc_empty_space_inner\"><\/span><\/div>\n\t<div class=\"wpb_text_column wpb_content_element\" >\n\t\t<div class=\"wpb_wrapper\">\n\t\t\t<p>Nunca te preocupes por perder tu certificado... nunca. Tu credencial siempre estar\u00e1 presente en la direcci\u00f3n web. Si has perdido un enlace de credencial, podr\u00e1s recuperar todas tus credenciales de certificaci\u00f3n en cualquier momento introduciendo tu correo electr\u00f3nico.<\/p>\n\n\t\t<\/div>\n\t<\/div>\n<\/div><\/div><\/div><div class=\"wpb_column vc_column_container vc_col-sm-6\"><div class=\"vc_column-inner\"><div class=\"wpb_wrapper\"><style type=\"text\/css\" data-type=\"the7_shortcodes-inline-css\">.shortcode-single-image-wrap.shortcode-single-image-8c0d2d0c4dba4b28d5a653d9a8fce0b7.enable-bg-rollover .rollover i,\n.shortcode-single-image-wrap.shortcode-single-image-8c0d2d0c4dba4b28d5a653d9a8fce0b7.enable-bg-rollover .rollover-video i {\n  background: -webkit-linear-gradient();\n  background: linear-gradient();\n}\n.shortcode-single-image-wrap.shortcode-single-image-8c0d2d0c4dba4b28d5a653d9a8fce0b7 .rollover-icon {\n  font-size: 32px;\n  color: #ffffff;\n  min-width: 44px;\n  min-height: 44px;\n  line-height: 44px;\n  border-radius: 100px;\n  border-style: solid;\n  border-width: 0px;\n}\n.dt-icon-bg-on.shortcode-single-image-wrap.shortcode-single-image-8c0d2d0c4dba4b28d5a653d9a8fce0b7 .rollover-icon {\n  background: rgba(255,255,255,0.3);\n  box-shadow: none;\n}\n<\/style><div class=\"shortcode-single-image-wrap shortcode-single-image-8c0d2d0c4dba4b28d5a653d9a8fce0b7 alignnone  enable-bg-rollover dt-icon-bg-off\" style=\"margin-top:0px; margin-bottom:0px; margin-left:0px; margin-right:0px; width:500px;\"><div class=\"shortcode-single-image\"><div class=\"fancy-media-wrap  layzr-bg\" style=\"\"><img fetchpriority=\"high\" decoding=\"async\" class=\"preload-me lazy-load aspect\" src=\"data:image\/svg+xml,%3Csvg%20xmlns%3D&#39;http%3A%2F%2Fwww.w3.org%2F2000%2Fsvg&#39;%20viewBox%3D&#39;0%200%20500%20500&#39;%2F%3E\" data-src=\"https:\/\/certuspro.com\/wp-content\/uploads\/2020\/08\/retrieval_feature.png\" data-srcset=\"https:\/\/certuspro.com\/wp-content\/uploads\/2020\/08\/retrieval_feature.png 500w\" loading=\"eager\" sizes=\"(max-width: 500px) 100vw, 500px\" width=\"500\" height=\"500\"  data-dt-location=\"https:\/\/certuspro.com\/es\/digital-credentials\/retrieval_feature\/\" style=\"--ratio: 500 \/ 500;\" alt=\"\" \/><\/div><\/div><\/div><\/div><\/div><\/div><\/div><div class=\"vc_row wpb_row vc_row-fluid\"><div class=\"wpb_column vc_column_container vc_col-sm-12\"><div class=\"vc_column-inner\"><div class=\"wpb_wrapper\"><div class=\"vc_empty_space\"   style=\"height: 32px\"><span class=\"vc_empty_space_inner\"><\/span><\/div><\/div><\/div><\/div><\/div><div class=\"vc_row wpb_row vc_row-fluid\"><div class=\"wpb_column vc_column_container vc_col-sm-6\"><div class=\"vc_column-inner\"><div class=\"wpb_wrapper\"><style type=\"text\/css\" data-type=\"the7_shortcodes-inline-css\">.shortcode-single-image-wrap.shortcode-single-image-0715319fdbabcd62b944e5b997eee8a6.enable-bg-rollover .rollover i,\n.shortcode-single-image-wrap.shortcode-single-image-0715319fdbabcd62b944e5b997eee8a6.enable-bg-rollover .rollover-video i {\n  background: -webkit-linear-gradient();\n  background: linear-gradient();\n}\n.shortcode-single-image-wrap.shortcode-single-image-0715319fdbabcd62b944e5b997eee8a6 .rollover-icon {\n  font-size: 32px;\n  color: #ffffff;\n  min-width: 44px;\n  min-height: 44px;\n  line-height: 44px;\n  border-radius: 100px;\n  border-style: solid;\n  border-width: 0px;\n}\n.dt-icon-bg-on.shortcode-single-image-wrap.shortcode-single-image-0715319fdbabcd62b944e5b997eee8a6 .rollover-icon {\n  background: rgba(255,255,255,0.3);\n  box-shadow: none;\n}\n<\/style><div class=\"shortcode-single-image-wrap shortcode-single-image-0715319fdbabcd62b944e5b997eee8a6 alignnone  enable-bg-rollover dt-icon-bg-off\" style=\"margin-top:0px; margin-bottom:0px; margin-left:0px; margin-right:0px; width:500px;\"><div class=\"shortcode-single-image\"><div class=\"fancy-media-wrap  layzr-bg\" style=\"\"><img decoding=\"async\" class=\"preload-me lazy-load aspect\" src=\"data:image\/svg+xml,%3Csvg%20xmlns%3D&#39;http%3A%2F%2Fwww.w3.org%2F2000%2Fsvg&#39;%20viewBox%3D&#39;0%200%20500%20500&#39;%2F%3E\" data-src=\"https:\/\/certuspro.com\/wp-content\/uploads\/2020\/08\/social.png\" data-srcset=\"https:\/\/certuspro.com\/wp-content\/uploads\/2020\/08\/social.png 500w\" loading=\"eager\" sizes=\"(max-width: 500px) 100vw, 500px\" width=\"500\" height=\"500\"  data-dt-location=\"https:\/\/certuspro.com\/es\/digital-credentials\/social\/\" style=\"--ratio: 500 \/ 500;\" alt=\"\" \/><\/div><\/div><\/div><\/div><\/div><\/div><div class=\"wpb_column vc_column_container vc_col-sm-6\"><div class=\"vc_column-inner\"><div class=\"wpb_wrapper\"><div id=\"ultimate-heading-215369f1e9d89048c\" class=\"uvc-heading ult-adjust-bottom-margin ultimate-heading-215369f1e9d89048c uvc-8664\" data-hspacer=\"no_spacer\"  data-halign=\"center\" style=\"text-align:center\"><div class=\"uvc-heading-spacer no_spacer\" style=\"top\"><\/div><div class=\"uvc-main-heading ult-responsive\"  data-ultimate-target='.uvc-heading.ultimate-heading-215369f1e9d89048c h2'  data-responsive-json-new='{\"font-size\":\"\",\"line-height\":\"\"}' ><h2 style=\"font-weight:normal;\">F\u00c1CILMENTE COMPARTIBLE<\/h2><\/div><\/div><div class=\"vc_empty_space\"   style=\"height: 32px\"><span class=\"vc_empty_space_inner\"><\/span><\/div>\n\t<div class=\"wpb_text_column wpb_content_element\" >\n\t\t<div class=\"wpb_wrapper\">\n\t\t\t<p>Quieres compartir tu logro. Las credenciales de certificaci\u00f3n te permiten mostrar tus logros en Facebook, Twitter y LinkedIn con un solo clic.<\/p>\n\n\t\t<\/div>\n\t<\/div>\n<\/div><\/div><\/div><\/div><div class=\"vc_row wpb_row vc_row-fluid\"><div class=\"wpb_column vc_column_container vc_col-sm-12\"><div class=\"vc_column-inner\"><div class=\"wpb_wrapper\"><div class=\"vc_empty_space\"   style=\"height: 32px\"><span class=\"vc_empty_space_inner\"><\/span><\/div><\/div><\/div><\/div><\/div><div class=\"vc_row wpb_row vc_row-fluid\"><div class=\"wpb_column vc_column_container vc_col-sm-6\"><div class=\"vc_column-inner\"><div class=\"wpb_wrapper\"><div id=\"ultimate-heading-609469f1e9d8909dc\" class=\"uvc-heading ult-adjust-bottom-margin ultimate-heading-609469f1e9d8909dc uvc-2462\" data-hspacer=\"no_spacer\"  data-halign=\"center\" style=\"text-align:center\"><div class=\"uvc-heading-spacer no_spacer\" style=\"top\"><\/div><div class=\"uvc-main-heading ult-responsive\"  data-ultimate-target='.uvc-heading.ultimate-heading-609469f1e9d8909dc h2'  data-responsive-json-new='{\"font-size\":\"\",\"line-height\":\"\"}' ><h2 style=\"font-weight:normal;\">CONTROLAR TU PRIVACIDAD<\/h2><\/div><\/div><div class=\"vc_empty_space\"   style=\"height: 32px\"><span class=\"vc_empty_space_inner\"><\/span><\/div>\n\t<div class=\"wpb_text_column wpb_content_element\" >\n\t\t<div class=\"wpb_wrapper\">\n\t\t\t<p>Aprovecha la capacidad de b\u00fasqueda y haz que tu logro sea descubrible en los buscadores de weg, o p\u00f3nlo en privado y comp\u00e1rtelo s\u00f3lo con personas seleccionadas. C\u00f3mo y cu\u00e1ndo compartas tu credencial depende de ti.<\/p>\n\n\t\t<\/div>\n\t<\/div>\n<\/div><\/div><\/div><div class=\"wpb_column vc_column_container vc_col-sm-6\"><div class=\"vc_column-inner\"><div class=\"wpb_wrapper\"><style type=\"text\/css\" data-type=\"the7_shortcodes-inline-css\">.shortcode-single-image-wrap.shortcode-single-image-09aaf06b0190e613906de2c61ec5a000.enable-bg-rollover .rollover i,\n.shortcode-single-image-wrap.shortcode-single-image-09aaf06b0190e613906de2c61ec5a000.enable-bg-rollover .rollover-video i {\n  background: -webkit-linear-gradient();\n  background: linear-gradient();\n}\n.shortcode-single-image-wrap.shortcode-single-image-09aaf06b0190e613906de2c61ec5a000 .rollover-icon {\n  font-size: 32px;\n  color: #ffffff;\n  min-width: 44px;\n  min-height: 44px;\n  line-height: 44px;\n  border-radius: 100px;\n  border-style: solid;\n  border-width: 0px;\n}\n.dt-icon-bg-on.shortcode-single-image-wrap.shortcode-single-image-09aaf06b0190e613906de2c61ec5a000 .rollover-icon {\n  background: rgba(255,255,255,0.3);\n  box-shadow: none;\n}\n<\/style><div class=\"shortcode-single-image-wrap shortcode-single-image-09aaf06b0190e613906de2c61ec5a000 alignnone  enable-bg-rollover dt-icon-bg-off\" style=\"margin-top:0px; margin-bottom:0px; margin-left:0px; margin-right:0px; width:500px;\"><div class=\"shortcode-single-image\"><div class=\"fancy-media-wrap  layzr-bg\" style=\"\"><img decoding=\"async\" class=\"preload-me lazy-load aspect\" src=\"data:image\/svg+xml,%3Csvg%20xmlns%3D&#39;http%3A%2F%2Fwww.w3.org%2F2000%2Fsvg&#39;%20viewBox%3D&#39;0%200%20500%20500&#39;%2F%3E\" data-src=\"https:\/\/certuspro.com\/wp-content\/uploads\/2020\/08\/security.png\" data-srcset=\"https:\/\/certuspro.com\/wp-content\/uploads\/2020\/08\/security.png 500w\" loading=\"eager\" sizes=\"(max-width: 500px) 100vw, 500px\" width=\"500\" height=\"500\"  data-dt-location=\"https:\/\/certuspro.com\/es\/digital-credentials\/security\/\" style=\"--ratio: 500 \/ 500;\" alt=\"\" \/><\/div><\/div><\/div><\/div><\/div><\/div><\/div><div class=\"vc_row wpb_row vc_row-fluid\"><div class=\"wpb_column vc_column_container vc_col-sm-12\"><div class=\"vc_column-inner\"><div class=\"wpb_wrapper\"><div class=\"vc_empty_space\"   style=\"height: 32px\"><span class=\"vc_empty_space_inner\"><\/span><\/div><\/div><\/div><\/div><\/div><div class=\"vc_row wpb_row vc_row-fluid\"><div class=\"wpb_column vc_column_container vc_col-sm-12\"><div class=\"vc_column-inner\"><div class=\"wpb_wrapper\"><div class=\"vc_empty_space\"   style=\"height: 32px\"><span class=\"vc_empty_space_inner\"><\/span><\/div><\/div><\/div><\/div><\/div><div class=\"vc_row wpb_row vc_row-fluid\"><div class=\"wpb_column vc_column_container vc_col-sm-12\"><div class=\"vc_column-inner\"><div class=\"wpb_wrapper\"><div class=\"vc_empty_space\"   style=\"height: 32px\"><span class=\"vc_empty_space_inner\"><\/span><\/div>\n\t<div class=\"wpb_text_column wpb_content_element\" >\n\t\t<div class=\"wpb_wrapper\">\n\t\t\t<h3>IMPRIMIR EN CUALQUIER MOMENTO<\/h3>\n<p>Imprima f\u00e1cilmente un PDF de alta calidad de tu certificado, cuando quieras.<\/p>\n\n\t\t<\/div>\n\t<\/div>\n<div class=\"vc_empty_space\"   style=\"height: 32px\"><span class=\"vc_empty_space_inner\"><\/span><\/div>\n\t<div class=\"wpb_text_column wpb_content_element\" >\n\t\t<div class=\"wpb_wrapper\">\n\t\t\t<h3>APRENDIZAJE, VERIFICADO.<\/h3>\n<p>Tus logros pueden ser verificados en cualquier momento. Tus certificaciones en LinkedIn se pueden vincular a tu credencial en vivo para que cualquiera, en cualquier lugar, pueda ver lo que has logrado. Un directorio permite a los buscadores validar r\u00e1pida y definitivamente una credencial de Accredible.<\/p>\n\n\t\t<\/div>\n\t<\/div>\n<div class=\"vc_empty_space\"   style=\"height: 32px\"><span class=\"vc_empty_space_inner\"><\/span><\/div>\n\t<div class=\"wpb_text_column wpb_content_element\" >\n\t\t<div class=\"wpb_wrapper\">\n\t\t\t<h3>OBTENER REFERENCIAS PARA AUMENTAR LA CREDIBILIDAD<\/h3>\n<p>P\u00eddele a un compa\u00f1ero, empleador o amigo que pueda dar fe de tu aprendizaje que comparta una breve declaraci\u00f3n de apoyo.<\/p>\n\n\t\t<\/div>\n\t<\/div>\n<div class=\"vc_empty_space\"   style=\"height: 32px\"><span class=\"vc_empty_space_inner\"><\/span><\/div>\n\t<div class=\"wpb_text_column wpb_content_element\" >\n\t\t<div class=\"wpb_wrapper\">\n\t\t\t<h3>LOGROS PORT\u00c1TILES Y EXPORTABLES<\/h3>\n<p>La compatibilidad con Mozilla Open Badges significa que puedes a\u00f1adir certificados a diferentes mochilas. Incrusta tu credencial en tu propio sitio web, en tu firma de correo electr\u00f3nico, guarda un PDF de tu credencial.<\/p>\n\n\t\t<\/div>\n\t<\/div>\n<\/div><\/div><\/div><\/div><div class=\"vc_row wpb_row vc_row-fluid\"><div class=\"wpb_column vc_column_container vc_col-sm-12\"><div class=\"vc_column-inner\"><div class=\"wpb_wrapper\"><div class=\"vc_empty_space\"   style=\"height: 64px\"><span class=\"vc_empty_space_inner\"><\/span><\/div><\/div><\/div><\/div><\/div><div data-vc-full-width=\"true\" data-vc-full-width-init=\"false\" class=\"vc_row wpb_row vc_row-fluid vc_custom_1596640634064 vc_row-has-fill\"><div class=\"wpb_column vc_column_container vc_col-sm-12 vc_col-lg-offset-2 vc_col-lg-8 vc_col-md-offset-2 vc_col-md-8 vc_col-sm-offset-0 vc_col-xs-12\"><div class=\"vc_column-inner\"><div class=\"wpb_wrapper\"><div id=\"ultimate-heading-618169f1e9d89283a\" class=\"uvc-heading ult-adjust-bottom-margin ultimate-heading-618169f1e9d89283a uvc-4907\" data-hspacer=\"no_spacer\"  data-halign=\"center\" style=\"text-align:center\"><div class=\"uvc-heading-spacer no_spacer\" style=\"top\"><\/div><div class=\"uvc-main-heading ult-responsive\"  data-ultimate-target='.uvc-heading.ultimate-heading-618169f1e9d89283a h2'  data-responsive-json-new='{\"font-size\":\"\",\"line-height\":\"\"}' ><h2 style=\"font-weight:bold;color:#ffffff;margin-bottom:15px;\">\u00bfPOR QU\u00c9 ESPERAR? \u00a1OBTENGA LA CERTIFICACI\u00d3N HOY MISMO!<\/h2><\/div><div class=\"uvc-sub-heading ult-responsive\"  data-ultimate-target='.uvc-heading.ultimate-heading-618169f1e9d89283a .uvc-sub-heading '  data-responsive-json-new='{\"font-size\":\"\",\"line-height\":\"\"}'  style=\"font-weight:normal;color:rgba(255,255,255,0.7);margin-bottom:30px;\">Empiece hoy mismo su viaje de certificaci\u00f3n.<\/div><\/div><style type=\"text\/css\" data-type=\"the7_shortcodes-inline-css\">#default-btn-83a3b156a5077d72862fadc64848caf2 {\n  border-radius: 100px;\n  font-size: 16px;\n  line-height: 18px;\n}\n.btn-shadow#default-btn-83a3b156a5077d72862fadc64848caf2 {\n  box-shadow: 0 1px 6px rgba(0,0,0,0.12);\n  transition: box-shadow 0.2s ease-out, opacity 0.45s;\n}\n.btn-shadow#default-btn-83a3b156a5077d72862fadc64848caf2:hover {\n  box-shadow: 0 5px 11px 0 rgba(0,0,0,0.18), 0 4px 15px 0 rgba(0,0,0,0.15);\n}\n.btn-3d#default-btn-83a3b156a5077d72862fadc64848caf2:hover {\n  box-shadow: 0px 2px 0px 0px rgba(224,224,224,0.05);\n}\n.btn-flat#default-btn-83a3b156a5077d72862fadc64848caf2 {\n  box-shadow: none;\n}\n.btn-flat#default-btn-83a3b156a5077d72862fadc64848caf2:hover {\n  box-shadow: none;\n}\n#default-btn-83a3b156a5077d72862fadc64848caf2.ico-right-side > i {\n  margin-right: 0px;\n  margin-left: 8px;\n}\n#default-btn-83a3b156a5077d72862fadc64848caf2 > i {\n  margin-right: 8px;\n  font-size: 16px;\n}\n#default-btn-83a3b156a5077d72862fadc64848caf2:not(:hover) {\n  border-width: 3px;\n  border-color: rgba(255,255,255,0.3) !important;\n  color: #ffffff;\n  background: none !important;\n  padding: 16px 10px 16px 10px;\n}\n#default-btn-83a3b156a5077d72862fadc64848caf2:not(:hover) * {\n  color: #ffffff;\n}\n#default-btn-83a3b156a5077d72862fadc64848caf2:hover {\n  border-width: 3px;\n  border-color: rgba(255,255,255,0.45) !important;\n  color: #ffffff;\n  background: rgba(255,255,255,0.05) !important;\n  padding: 16px 10px 16px 10px;\n}\n#default-btn-83a3b156a5077d72862fadc64848caf2:hover * {\n  color: #ffffff;\n}\n#default-btn-83a3b156a5077d72862fadc64848caf2.ico-right-side > i {\n  margin-right: 0px;\n  margin-left: 8px;\n}\n#default-btn-83a3b156a5077d72862fadc64848caf2 > i {\n  margin-right: 8px;\n}\n<\/style><div class=\"btn-align-center\"><a href=\"https:\/\/certuspro.com\/es\/available-certifications\/\" class=\"default-btn-shortcode dt-btn link-hover-off ico-right-side btn-flat\" id=\"default-btn-83a3b156a5077d72862fadc64848caf2\" style=\"width:240px;\" title=\"Contacto\"><span>\u201cAPLICAR AQUI\u201d<\/span><i class=\"icomoon-the7-font-the7-arrow-09\"><\/i><\/a><\/div><\/div><\/div><\/div><\/div><div class=\"vc_row-full-width vc_clearfix\"><\/div>\n<\/div>","protected":false},"excerpt":{"rendered":"<p>Complement Your Certification With All the Benefits of a Digital Credential Certus has partnered with Accredible, a leading provider of digital credentials, to offer our certified professionals both digital certificates and digital badges. These let you share your certified status with the world and allow you to retrieve your credentials anytime and anywhere. Always Accessible&hellip;<\/p>","protected":false},"author":1,"featured_media":0,"parent":0,"menu_order":0,"comment_status":"closed","ping_status":"open","template":"","meta":{"_coblocks_attr":"","_coblocks_dimensions":"","_coblocks_responsive_height":"","_coblocks_accordion_ie_support":"","footnotes":""},"class_list":["post-4135","page","type-page","status-publish","hentry","description-off"],"yoast_head":"<!-- This site is optimized with the Yoast SEO Premium plugin v18.2.1 (Yoast SEO v23.2) - https:\/\/yoast.com\/wordpress\/plugins\/seo\/ -->\n<title>Digital Credentials - Certus Professional Certification Inc.<\/title>\n<meta name=\"robots\" content=\"index, follow, max-snippet:-1, max-image-preview:large, max-video-preview:-1\" \/>\n<link rel=\"canonical\" href=\"https:\/\/certuspro.com\/es\/digital-credentials\/\" \/>\n<meta property=\"og:locale\" content=\"es_ES\" \/>\n<meta property=\"og:type\" content=\"article\" \/>\n<meta property=\"og:title\" content=\"Digital Credentials\" \/>\n<meta property=\"og:url\" content=\"https:\/\/certuspro.com\/es\/digital-credentials\/\" \/>\n<meta property=\"og:site_name\" content=\"Certus Professional Certification Inc.\" \/>\n<meta property=\"article:modified_time\" content=\"2020-11-12T17:55:11+00:00\" \/>\n<meta name=\"twitter:card\" content=\"summary_large_image\" \/>\n<meta name=\"twitter:label1\" content=\"Tiempo estimado de lectura\" \/>\n\t<meta name=\"twitter:data1\" content=\"3 minutos\" \/>\n<script type=\"application\/ld+json\" class=\"yoast-schema-graph\">{\"@context\":\"https:\/\/schema.org\",\"@graph\":[{\"@type\":\"WebPage\",\"@id\":\"https:\/\/certuspro.com\/digital-credentials\/\",\"url\":\"https:\/\/certuspro.com\/digital-credentials\/\",\"name\":\"Digital Credentials - Certus Professional Certification Inc.\",\"isPartOf\":{\"@id\":\"https:\/\/certuspro.com\/#website\"},\"datePublished\":\"2020-08-07T14:04:43+00:00\",\"dateModified\":\"2020-11-12T17:55:11+00:00\",\"breadcrumb\":{\"@id\":\"https:\/\/certuspro.com\/digital-credentials\/#breadcrumb\"},\"inLanguage\":\"es-CL\",\"potentialAction\":[{\"@type\":\"ReadAction\",\"target\":[\"https:\/\/certuspro.com\/digital-credentials\/\"]}]},{\"@type\":\"BreadcrumbList\",\"@id\":\"https:\/\/certuspro.com\/digital-credentials\/#breadcrumb\",\"itemListElement\":[{\"@type\":\"ListItem\",\"position\":1,\"name\":\"Home\",\"item\":\"https:\/\/certuspro.com\/\"},{\"@type\":\"ListItem\",\"position\":2,\"name\":\"Digital Credentials\"}]},{\"@type\":\"WebSite\",\"@id\":\"https:\/\/certuspro.com\/#website\",\"url\":\"https:\/\/certuspro.com\/\",\"name\":\"Certus Professional Certification Inc.\",\"description\":\"Real. Valid. Certification.\",\"potentialAction\":[{\"@type\":\"SearchAction\",\"target\":{\"@type\":\"EntryPoint\",\"urlTemplate\":\"https:\/\/certuspro.com\/?s={search_term_string}\"},\"query-input\":\"required name=search_term_string\"}],\"inLanguage\":\"es-CL\"}]}<\/script>\n<!-- \/ Yoast SEO Premium plugin. -->","yoast_head_json":{"title":"Digital Credentials - Certus Professional Certification Inc.","robots":{"index":"index","follow":"follow","max-snippet":"max-snippet:-1","max-image-preview":"max-image-preview:large","max-video-preview":"max-video-preview:-1"},"canonical":"https:\/\/certuspro.com\/es\/digital-credentials\/","og_locale":"es_ES","og_type":"article","og_title":"Digital Credentials","og_url":"https:\/\/certuspro.com\/es\/digital-credentials\/","og_site_name":"Certus Professional Certification Inc.","article_modified_time":"2020-11-12T17:55:11+00:00","twitter_card":"summary_large_image","twitter_misc":{"Tiempo estimado de lectura":"3 minutos"},"schema":{"@context":"https:\/\/schema.org","@graph":[{"@type":"WebPage","@id":"https:\/\/certuspro.com\/digital-credentials\/","url":"https:\/\/certuspro.com\/digital-credentials\/","name":"Digital Credentials - Certus Professional Certification Inc.","isPartOf":{"@id":"https:\/\/certuspro.com\/#website"},"datePublished":"2020-08-07T14:04:43+00:00","dateModified":"2020-11-12T17:55:11+00:00","breadcrumb":{"@id":"https:\/\/certuspro.com\/digital-credentials\/#breadcrumb"},"inLanguage":"es-CL","potentialAction":[{"@type":"ReadAction","target":["https:\/\/certuspro.com\/digital-credentials\/"]}]},{"@type":"BreadcrumbList","@id":"https:\/\/certuspro.com\/digital-credentials\/#breadcrumb","itemListElement":[{"@type":"ListItem","position":1,"name":"Home","item":"https:\/\/certuspro.com\/"},{"@type":"ListItem","position":2,"name":"Digital Credentials"}]},{"@type":"WebSite","@id":"https:\/\/certuspro.com\/#website","url":"https:\/\/certuspro.com\/","name":"Certus Professional Certification Inc.","description":"Real. Valid. Certification.","potentialAction":[{"@type":"SearchAction","target":{"@type":"EntryPoint","urlTemplate":"https:\/\/certuspro.com\/?s={search_term_string}"},"query-input":"required name=search_term_string"}],"inLanguage":"es-CL"}]}},"_links":{"self":[{"href":"https:\/\/certuspro.com\/es\/wp-json\/wp\/v2\/pages\/4135","targetHints":{"allow":["GET"]}}],"collection":[{"href":"https:\/\/certuspro.com\/es\/wp-json\/wp\/v2\/pages"}],"about":[{"href":"https:\/\/certuspro.com\/es\/wp-json\/wp\/v2\/types\/page"}],"author":[{"embeddable":true,"href":"https:\/\/certuspro.com\/es\/wp-json\/wp\/v2\/users\/1"}],"replies":[{"embeddable":true,"href":"https:\/\/certuspro.com\/es\/wp-json\/wp\/v2\/comments?post=4135"}],"version-history":[{"count":14,"href":"https:\/\/certuspro.com\/es\/wp-json\/wp\/v2\/pages\/4135\/revisions"}],"predecessor-version":[{"id":4872,"href":"https:\/\/certuspro.com\/es\/wp-json\/wp\/v2\/pages\/4135\/revisions\/4872"}],"wp:attachment":[{"href":"https:\/\/certuspro.com\/es\/wp-json\/wp\/v2\/media?parent=4135"}],"curies":[{"name":"wp","href":"https:\/\/api.w.org\/{rel}","templated":true}]}}