{"id":4355,"date":"2020-09-30T20:13:37","date_gmt":"2020-09-30T20:13:37","guid":{"rendered":"https:\/\/certuspro.com\/?page_id=4355"},"modified":"2022-03-07T16:58:06","modified_gmt":"2022-03-07T16:58:06","slug":"downloads","status":"publish","type":"page","link":"https:\/\/certuspro.com\/es\/downloads\/","title":{"rendered":"Descargas"},"content":{"rendered":"<div class=\"wpb-content-wrapper\"><div class=\"vc_row wpb_row vc_row-fluid\"><div class=\"wpb_column vc_column_container vc_col-sm-12\"><div class=\"vc_column-inner\"><div class=\"wpb_wrapper\"><div id=\"ultimate-heading-129869f1e9c3cc2ce\" class=\"uvc-heading ult-adjust-bottom-margin ultimate-heading-129869f1e9c3cc2ce uvc-3798\" data-hspacer=\"no_spacer\"  data-halign=\"center\" style=\"text-align:center\"><div class=\"uvc-heading-spacer no_spacer\" style=\"top\"><\/div><div class=\"uvc-main-heading ult-responsive\"  data-ultimate-target='.uvc-heading.ultimate-heading-129869f1e9c3cc2ce h2'  data-responsive-json-new='{\"font-size\":\"\",\"line-height\":\"\"}' ><h2 style=\"font-weight:normal;\">DESCARGAS IMPORTANTES<\/h2><\/div><\/div><\/div><\/div><\/div><\/div><div class=\"vc_row wpb_row vc_row-fluid\"><div class=\"wpb_column vc_column_container vc_col-sm-12\"><div class=\"vc_column-inner\"><div class=\"wpb_wrapper\">\n\t<div class=\"wpb_text_column wpb_content_element\" >\n\t\t<div class=\"wpb_wrapper\">\n\t\t\t<p>A continuaci\u00f3n encontrar\u00e1 una serie de documentos importantes disponibles para descargar. Algunos de ellos tambi\u00e9n se pueden encontrar en el portal de clientes despu\u00e9s de iniciar la sesi\u00f3n.<\/p>\n<p>&nbsp;<\/p>\n<h3><strong>Registro de Auditor\u00eda-Ingl\u00e9s<\/strong><\/h3>\n<p>Descarga el registro de auditor\u00eda de Certus <a href=\"https:\/\/certuspro.com\/wp-content\/uploads\/2022\/03\/Certus-Audit-Log.docx\">aqu\u00ed<\/a>.<\/p>\n<p>&nbsp;<\/p>\n<h3><strong>REGISTRO DE CPD<\/strong><\/h3>\n<p>Descarga el registro del desarrollo profesional continuo (CPD, por sus signas en ingl\u00e9s) de Certus <a href=\"https:\/\/certuspro.com\/wp-content\/uploads\/2022\/03\/Certus-CPD-Log.docx\">aqu\u00ed<\/a>.<\/p>\n<p>&nbsp;<\/p>\n<h3><strong>REQUISITOS DE CERTIFICACI\u00d3N<\/strong><\/h3>\n<p>Descarga los requisitos de certificaci\u00f3n para cada uno de nuestros programas de certificaci\u00f3n haciendo clic en el nombre que aparece a continuaci\u00f3n. Tambi\u00e9n est\u00e1n disponibles para descargar en las p\u00e1ginas de certificaci\u00f3n individuales.<\/p>\n<p><strong>Ingl\u00e9s<\/strong><\/p>\n<ul>\n<li><a href=\"https:\/\/certuspro.com\/wp-content\/uploads\/2021\/02\/ABMS-Auditor-Requirements-2-10-2021.pdf\">Auditor del Sistema de Gesti\u00f3n Antisoborno (Todos los grados)<\/a><\/li>\n<li><a href=\"https:\/\/certuspro.com\/wp-content\/uploads\/2021\/04\/BCMS-Auditor-Requirements-4-14-2021.pdf\">Business Continuity Management System Auditor (All Grades)<\/a><\/li>\n<li><a href=\"https:\/\/certuspro.com\/wp-content\/uploads\/2021\/04\/CMS-Auditor-Requirements-4-14-2021.pdf\">Compliance Management System Auditor (All Grades)<\/a><\/li>\n<li><a href=\"https:\/\/certuspro.com\/wp-content\/uploads\/2021\/04\/EnMS-Auditor-Requirements-4-2-2021.pdf\">Energy Management System Auditor (All Grades)<\/a><\/li>\n<li><a href=\"https:\/\/certuspro.com\/wp-content\/uploads\/2021\/02\/EMS-Auditor-Requirements-2-10-2021.pdf\">Auditor del Sistema de Gesti\u00f3n Ambiental (Todos los grados)<\/a><\/li>\n<li><a href=\"https:\/\/certuspro.com\/wp-content\/uploads\/2021\/02\/FS-Auditor-Requirements-2-11-2021.pdf\">Food Safety Management System Auditor (All Grades)<\/a><\/li>\n<li><a href=\"https:\/\/certuspro.com\/wp-content\/uploads\/2021\/02\/IS-Auditor-Requirements-2-11-2021.pdf\">Auditor del Sistema de Gesti\u00f3n de la Seguridad de la Informaci\u00f3n (todos los grados)<\/a><\/li>\n<li><a href=\"https:\/\/certuspro.com\/wp-content\/uploads\/2021\/02\/MDD-QMS-Auditor-Requirements-2-11-2021.pdf\">Auditor del Sistema de Gesti\u00f3n de Calidad de Dispositivos M\u00e9dicos (Todos los grados)<\/a><\/li>\n<li><a href=\"https:\/\/certuspro.com\/wp-content\/uploads\/2021\/02\/OHS-Auditor-Requirements-2-11-2021.pdf\">Auditor del Sistema de Gesti\u00f3n de Seguridad y Salud en el Trabajo (todos los grados)<\/a><\/li>\n<li><a href=\"https:\/\/certuspro.com\/wp-content\/uploads\/2021\/02\/PNGPS-Auditor-Requirements-2-11-2021.pdf\">Auditor del Sistema de Gesti\u00f3n de Productos y Servicios de Petr\u00f3leo y Gas Natural (Todos los grados)<\/a><\/li>\n<li><a href=\"https:\/\/certuspro.com\/wp-content\/uploads\/2021\/02\/QMS-Auditor-Requirements-2-10-2021.pdf\">Auditor del sistema de gesti\u00f3n de la calidad (todos los grados)<\/a><\/li>\n<\/ul>\n<p><strong>Espa\u00f1ol<\/strong><\/p>\n<ul>\n<li><a href=\"https:\/\/certuspro.com\/wp-content\/uploads\/2021\/01\/Requisitos-de-Certification-Auditor-de-Sistemas-de-Gestion-de-la-Calidad-1-27-2021.pdf\">Auditor de Sistema de Gesti\u00f3n\u00a0de la Calidad (Todos los Grados) ESPA\u00d1OL<\/a><\/li>\n<\/ul>\n\n\t\t<\/div>\n\t<\/div>\n<\/div><\/div><\/div><\/div>\n<\/div>","protected":false},"excerpt":{"rendered":"<p>Important Downloads Below you&#8217;ll find a number of important documents available for download. Some of these can also be found on the customer portal after you login. &nbsp; Audit Log Download the Certus Audit Log here. &nbsp; CPD Log Download the Certus continuing professional development (CPD) log here. &nbsp; Certification Requirements Download the certification requirements&hellip;<\/p>","protected":false},"author":1,"featured_media":0,"parent":0,"menu_order":0,"comment_status":"closed","ping_status":"open","template":"","meta":{"_coblocks_attr":"","_coblocks_dimensions":"","_coblocks_responsive_height":"","_coblocks_accordion_ie_support":"","footnotes":""},"class_list":["post-4355","page","type-page","status-publish","hentry","description-off"],"yoast_head":"<!-- This site is optimized with the Yoast SEO Premium plugin v18.2.1 (Yoast SEO v23.2) - https:\/\/yoast.com\/wordpress\/plugins\/seo\/ -->\n<title>Downloads - Certus Professional Certification Inc.<\/title>\n<meta name=\"robots\" content=\"index, follow, max-snippet:-1, max-image-preview:large, max-video-preview:-1\" \/>\n<link rel=\"canonical\" href=\"https:\/\/certuspro.com\/es\/downloads\/\" \/>\n<meta property=\"og:locale\" content=\"es_ES\" \/>\n<meta property=\"og:type\" content=\"article\" \/>\n<meta property=\"og:title\" content=\"Downloads\" \/>\n<meta property=\"og:url\" content=\"https:\/\/certuspro.com\/es\/downloads\/\" \/>\n<meta property=\"og:site_name\" content=\"Certus Professional Certification Inc.\" \/>\n<meta property=\"article:modified_time\" content=\"2022-03-07T16:58:06+00:00\" \/>\n<meta name=\"twitter:card\" content=\"summary_large_image\" \/>\n<meta name=\"twitter:label1\" content=\"Tiempo estimado de lectura\" \/>\n\t<meta name=\"twitter:data1\" content=\"1 minuto\" \/>\n<script type=\"application\/ld+json\" class=\"yoast-schema-graph\">{\"@context\":\"https:\/\/schema.org\",\"@graph\":[{\"@type\":\"WebPage\",\"@id\":\"https:\/\/certuspro.com\/downloads\/\",\"url\":\"https:\/\/certuspro.com\/downloads\/\",\"name\":\"Downloads - Certus Professional Certification Inc.\",\"isPartOf\":{\"@id\":\"https:\/\/certuspro.com\/#website\"},\"datePublished\":\"2020-09-30T20:13:37+00:00\",\"dateModified\":\"2022-03-07T16:58:06+00:00\",\"breadcrumb\":{\"@id\":\"https:\/\/certuspro.com\/downloads\/#breadcrumb\"},\"inLanguage\":\"es-CL\",\"potentialAction\":[{\"@type\":\"ReadAction\",\"target\":[\"https:\/\/certuspro.com\/downloads\/\"]}]},{\"@type\":\"BreadcrumbList\",\"@id\":\"https:\/\/certuspro.com\/downloads\/#breadcrumb\",\"itemListElement\":[{\"@type\":\"ListItem\",\"position\":1,\"name\":\"Home\",\"item\":\"https:\/\/certuspro.com\/\"},{\"@type\":\"ListItem\",\"position\":2,\"name\":\"Downloads\"}]},{\"@type\":\"WebSite\",\"@id\":\"https:\/\/certuspro.com\/#website\",\"url\":\"https:\/\/certuspro.com\/\",\"name\":\"Certus Professional Certification Inc.\",\"description\":\"Real. Valid. Certification.\",\"potentialAction\":[{\"@type\":\"SearchAction\",\"target\":{\"@type\":\"EntryPoint\",\"urlTemplate\":\"https:\/\/certuspro.com\/?s={search_term_string}\"},\"query-input\":\"required name=search_term_string\"}],\"inLanguage\":\"es-CL\"}]}<\/script>\n<!-- \/ Yoast SEO Premium plugin. -->","yoast_head_json":{"title":"Downloads - Certus Professional Certification Inc.","robots":{"index":"index","follow":"follow","max-snippet":"max-snippet:-1","max-image-preview":"max-image-preview:large","max-video-preview":"max-video-preview:-1"},"canonical":"https:\/\/certuspro.com\/es\/downloads\/","og_locale":"es_ES","og_type":"article","og_title":"Downloads","og_url":"https:\/\/certuspro.com\/es\/downloads\/","og_site_name":"Certus Professional Certification Inc.","article_modified_time":"2022-03-07T16:58:06+00:00","twitter_card":"summary_large_image","twitter_misc":{"Tiempo estimado de lectura":"1 minuto"},"schema":{"@context":"https:\/\/schema.org","@graph":[{"@type":"WebPage","@id":"https:\/\/certuspro.com\/downloads\/","url":"https:\/\/certuspro.com\/downloads\/","name":"Downloads - Certus Professional Certification Inc.","isPartOf":{"@id":"https:\/\/certuspro.com\/#website"},"datePublished":"2020-09-30T20:13:37+00:00","dateModified":"2022-03-07T16:58:06+00:00","breadcrumb":{"@id":"https:\/\/certuspro.com\/downloads\/#breadcrumb"},"inLanguage":"es-CL","potentialAction":[{"@type":"ReadAction","target":["https:\/\/certuspro.com\/downloads\/"]}]},{"@type":"BreadcrumbList","@id":"https:\/\/certuspro.com\/downloads\/#breadcrumb","itemListElement":[{"@type":"ListItem","position":1,"name":"Home","item":"https:\/\/certuspro.com\/"},{"@type":"ListItem","position":2,"name":"Downloads"}]},{"@type":"WebSite","@id":"https:\/\/certuspro.com\/#website","url":"https:\/\/certuspro.com\/","name":"Certus Professional Certification Inc.","description":"Real. Valid. Certification.","potentialAction":[{"@type":"SearchAction","target":{"@type":"EntryPoint","urlTemplate":"https:\/\/certuspro.com\/?s={search_term_string}"},"query-input":"required name=search_term_string"}],"inLanguage":"es-CL"}]}},"_links":{"self":[{"href":"https:\/\/certuspro.com\/es\/wp-json\/wp\/v2\/pages\/4355","targetHints":{"allow":["GET"]}}],"collection":[{"href":"https:\/\/certuspro.com\/es\/wp-json\/wp\/v2\/pages"}],"about":[{"href":"https:\/\/certuspro.com\/es\/wp-json\/wp\/v2\/types\/page"}],"author":[{"embeddable":true,"href":"https:\/\/certuspro.com\/es\/wp-json\/wp\/v2\/users\/1"}],"replies":[{"embeddable":true,"href":"https:\/\/certuspro.com\/es\/wp-json\/wp\/v2\/comments?post=4355"}],"version-history":[{"count":46,"href":"https:\/\/certuspro.com\/es\/wp-json\/wp\/v2\/pages\/4355\/revisions"}],"predecessor-version":[{"id":5914,"href":"https:\/\/certuspro.com\/es\/wp-json\/wp\/v2\/pages\/4355\/revisions\/5914"}],"wp:attachment":[{"href":"https:\/\/certuspro.com\/es\/wp-json\/wp\/v2\/media?parent=4355"}],"curies":[{"name":"wp","href":"https:\/\/api.w.org\/{rel}","templated":true}]}}