{"id":4912,"date":"2020-11-25T19:26:45","date_gmt":"2020-11-25T19:26:45","guid":{"rendered":"https:\/\/certuspro.com\/?page_id=4912"},"modified":"2020-11-25T19:26:45","modified_gmt":"2020-11-25T19:26:45","slug":"cancellation-policy","status":"publish","type":"page","link":"https:\/\/certuspro.com\/es\/cancellation-policy\/","title":{"rendered":"POL\u00cdTICA DE CANCELACI\u00d3N"},"content":{"rendered":"<div class=\"wpb-content-wrapper\"><div class=\"vc_row wpb_row vc_row-fluid\"><div class=\"wpb_column vc_column_container vc_col-sm-12\"><div class=\"vc_column-inner\"><div class=\"wpb_wrapper\"><div id=\"ultimate-heading-943069f1e498e5282\" class=\"uvc-heading ult-adjust-bottom-margin ultimate-heading-943069f1e498e5282 uvc-2195\" data-hspacer=\"no_spacer\"  data-halign=\"center\" style=\"text-align:center\"><div class=\"uvc-heading-spacer no_spacer\" style=\"top\"><\/div><div class=\"uvc-main-heading ult-responsive\"  data-ultimate-target='.uvc-heading.ultimate-heading-943069f1e498e5282 h2'  data-responsive-json-new='{\"font-size\":\"\",\"line-height\":\"\"}' ><h2 style=\"font-weight:normal;\">\u00a1SATISFACCI\u00d3N GARANTIZADA!<\/h2><\/div><div class=\"uvc-sub-heading ult-responsive\"  data-ultimate-target='.uvc-heading.ultimate-heading-943069f1e498e5282 .uvc-sub-heading '  data-responsive-json-new='{\"font-size\":\"\",\"line-height\":\"\"}'  style=\"font-weight:normal;\"><\/p>\n<p><\/div><\/div><\/div><\/div><\/div><\/div><div class=\"vc_row wpb_row vc_row-fluid\"><div class=\"wpb_column vc_column_container vc_col-sm-12\"><div class=\"vc_column-inner\"><div class=\"wpb_wrapper\">\n\t<div class=\"wpb_text_column wpb_content_element\" >\n\t\t<div class=\"wpb_wrapper\">\n\t\t\t<p>Lo mantenemos simple: En Certus creemos que debes estar contento con los servicios que recibes. Eso lo respaldamos con nuestra garant\u00eda de satisfacci\u00f3n: Si en alg\u00fan momento deseas cancelar tu certificaci\u00f3n te devolveremos el equivalente a la cuota de certificaci\u00f3n no usada.<\/p>\n<p>&nbsp;<\/p>\n<h3>\u00bfESO SIGNIFICA QUE GARANTIZAMOS LA CERTIFICACI\u00d3N?<\/h3>\n<p><strong>\u00a1No!<\/strong> No te puedes certificar si no cumples con nuestros requisitos, los cuales est\u00e1n descritos en el documentos de requisitos de certificaci\u00f3n. Sin embargo, si no aprobamos tu aplicaci\u00f3n para la certificaci\u00f3n te reembolsaremos la cuota de certificaci\u00f3n. La cuota de aplicaci\u00f3n de $49 no es reembolsable.<\/p>\n<p>&nbsp;<\/p>\n<h3>\u00bfPREGUNTAS?<\/h3>\n<p>Env\u00edanos un correo a info@certuspro.com \u00f3 <a href=\"mailto:info@certuspro.com\">contacto@certuspro.com<\/a>.<\/p>\n\n\t\t<\/div>\n\t<\/div>\n<\/div><\/div><\/div><\/div>\n<\/div>","protected":false},"excerpt":{"rendered":"<p>Satisfaction Guaranteed! Let&#8217;s keep this simple: At Certus, we believe that you should be happy with the service we provide. We back this up with our certification guarantee: If at any time you wish to cancel your certification, we will provide you with a refund on the unused portion of your certification fee. &nbsp; Does&hellip;<\/p>","protected":false},"author":1,"featured_media":0,"parent":0,"menu_order":0,"comment_status":"closed","ping_status":"open","template":"","meta":{"_coblocks_attr":"","_coblocks_dimensions":"","_coblocks_responsive_height":"","_coblocks_accordion_ie_support":"","footnotes":""},"class_list":["post-4912","page","type-page","status-publish","hentry","description-off"],"yoast_head":"<!-- This site is optimized with the Yoast SEO Premium plugin v18.2.1 (Yoast SEO v23.2) - https:\/\/yoast.com\/wordpress\/plugins\/seo\/ -->\n<title>Cancellation Policy - Certus Professional Certification Inc.<\/title>\n<meta name=\"robots\" content=\"index, follow, max-snippet:-1, max-image-preview:large, max-video-preview:-1\" \/>\n<link rel=\"canonical\" href=\"https:\/\/certuspro.com\/es\/cancellation-policy\/\" \/>\n<meta property=\"og:locale\" content=\"es_ES\" \/>\n<meta property=\"og:type\" content=\"article\" \/>\n<meta property=\"og:title\" content=\"Cancellation Policy\" \/>\n<meta property=\"og:url\" content=\"https:\/\/certuspro.com\/es\/cancellation-policy\/\" \/>\n<meta property=\"og:site_name\" content=\"Certus Professional Certification Inc.\" \/>\n<meta name=\"twitter:card\" content=\"summary_large_image\" \/>\n<meta name=\"twitter:label1\" content=\"Tiempo estimado de lectura\" \/>\n\t<meta name=\"twitter:data1\" content=\"1 minuto\" \/>\n<script type=\"application\/ld+json\" class=\"yoast-schema-graph\">{\"@context\":\"https:\/\/schema.org\",\"@graph\":[{\"@type\":\"WebPage\",\"@id\":\"https:\/\/certuspro.com\/cancellation-policy\/\",\"url\":\"https:\/\/certuspro.com\/cancellation-policy\/\",\"name\":\"Cancellation Policy - Certus Professional Certification Inc.\",\"isPartOf\":{\"@id\":\"https:\/\/certuspro.com\/#website\"},\"datePublished\":\"2020-11-25T19:26:45+00:00\",\"dateModified\":\"2020-11-25T19:26:45+00:00\",\"breadcrumb\":{\"@id\":\"https:\/\/certuspro.com\/cancellation-policy\/#breadcrumb\"},\"inLanguage\":\"es-CL\",\"potentialAction\":[{\"@type\":\"ReadAction\",\"target\":[\"https:\/\/certuspro.com\/cancellation-policy\/\"]}]},{\"@type\":\"BreadcrumbList\",\"@id\":\"https:\/\/certuspro.com\/cancellation-policy\/#breadcrumb\",\"itemListElement\":[{\"@type\":\"ListItem\",\"position\":1,\"name\":\"Home\",\"item\":\"https:\/\/certuspro.com\/\"},{\"@type\":\"ListItem\",\"position\":2,\"name\":\"Cancellation Policy\"}]},{\"@type\":\"WebSite\",\"@id\":\"https:\/\/certuspro.com\/#website\",\"url\":\"https:\/\/certuspro.com\/\",\"name\":\"Certus Professional Certification Inc.\",\"description\":\"Real. Valid. Certification.\",\"potentialAction\":[{\"@type\":\"SearchAction\",\"target\":{\"@type\":\"EntryPoint\",\"urlTemplate\":\"https:\/\/certuspro.com\/?s={search_term_string}\"},\"query-input\":\"required name=search_term_string\"}],\"inLanguage\":\"es-CL\"}]}<\/script>\n<!-- \/ Yoast SEO Premium plugin. -->","yoast_head_json":{"title":"Cancellation Policy - Certus Professional Certification Inc.","robots":{"index":"index","follow":"follow","max-snippet":"max-snippet:-1","max-image-preview":"max-image-preview:large","max-video-preview":"max-video-preview:-1"},"canonical":"https:\/\/certuspro.com\/es\/cancellation-policy\/","og_locale":"es_ES","og_type":"article","og_title":"Cancellation Policy","og_url":"https:\/\/certuspro.com\/es\/cancellation-policy\/","og_site_name":"Certus Professional Certification Inc.","twitter_card":"summary_large_image","twitter_misc":{"Tiempo estimado de lectura":"1 minuto"},"schema":{"@context":"https:\/\/schema.org","@graph":[{"@type":"WebPage","@id":"https:\/\/certuspro.com\/cancellation-policy\/","url":"https:\/\/certuspro.com\/cancellation-policy\/","name":"Cancellation Policy - Certus Professional Certification Inc.","isPartOf":{"@id":"https:\/\/certuspro.com\/#website"},"datePublished":"2020-11-25T19:26:45+00:00","dateModified":"2020-11-25T19:26:45+00:00","breadcrumb":{"@id":"https:\/\/certuspro.com\/cancellation-policy\/#breadcrumb"},"inLanguage":"es-CL","potentialAction":[{"@type":"ReadAction","target":["https:\/\/certuspro.com\/cancellation-policy\/"]}]},{"@type":"BreadcrumbList","@id":"https:\/\/certuspro.com\/cancellation-policy\/#breadcrumb","itemListElement":[{"@type":"ListItem","position":1,"name":"Home","item":"https:\/\/certuspro.com\/"},{"@type":"ListItem","position":2,"name":"Cancellation Policy"}]},{"@type":"WebSite","@id":"https:\/\/certuspro.com\/#website","url":"https:\/\/certuspro.com\/","name":"Certus Professional Certification Inc.","description":"Real. Valid. Certification.","potentialAction":[{"@type":"SearchAction","target":{"@type":"EntryPoint","urlTemplate":"https:\/\/certuspro.com\/?s={search_term_string}"},"query-input":"required name=search_term_string"}],"inLanguage":"es-CL"}]}},"_links":{"self":[{"href":"https:\/\/certuspro.com\/es\/wp-json\/wp\/v2\/pages\/4912","targetHints":{"allow":["GET"]}}],"collection":[{"href":"https:\/\/certuspro.com\/es\/wp-json\/wp\/v2\/pages"}],"about":[{"href":"https:\/\/certuspro.com\/es\/wp-json\/wp\/v2\/types\/page"}],"author":[{"embeddable":true,"href":"https:\/\/certuspro.com\/es\/wp-json\/wp\/v2\/users\/1"}],"replies":[{"embeddable":true,"href":"https:\/\/certuspro.com\/es\/wp-json\/wp\/v2\/comments?post=4912"}],"version-history":[{"count":2,"href":"https:\/\/certuspro.com\/es\/wp-json\/wp\/v2\/pages\/4912\/revisions"}],"predecessor-version":[{"id":4914,"href":"https:\/\/certuspro.com\/es\/wp-json\/wp\/v2\/pages\/4912\/revisions\/4914"}],"wp:attachment":[{"href":"https:\/\/certuspro.com\/es\/wp-json\/wp\/v2\/media?parent=4912"}],"curies":[{"name":"wp","href":"https:\/\/api.w.org\/{rel}","templated":true}]}}