{"id":5225,"date":"2021-02-22T16:13:41","date_gmt":"2021-02-22T16:13:41","guid":{"rendered":"https:\/\/certuspro.com\/?page_id=5225"},"modified":"2024-04-05T13:17:29","modified_gmt":"2024-04-05T18:17:29","slug":"certus-course-certification","status":"publish","type":"page","link":"https:\/\/certuspro.com\/es\/certus-course-certification\/","title":{"rendered":"CERTIFICACI\u00d3N DEL CURSO DE FORMACI\u00d3N"},"content":{"rendered":"<div class=\"wpb-content-wrapper\"><div class=\"vc_row wpb_row vc_row-fluid\"><div class=\"wpb_column vc_column_container vc_col-sm-12\"><div class=\"vc_column-inner\"><div class=\"wpb_wrapper\">\n\t<div  class=\"wpb_single_image wpb_content_element vc_align_center\">\n\t\t\n\t\t<figure class=\"wpb_wrapper vc_figure\">\n\t\t\t<div class=\"vc_single_image-wrapper   vc_box_border_grey\"><img loading=\"lazy\" decoding=\"async\" width=\"300\" height=\"300\" src=\"https:\/\/certuspro.com\/wp-content\/uploads\/2024\/04\/CERTUS-AUTHORIZED-TRAINING-PROVIDER-2-300x300.png\" class=\"vc_single_image-img attachment-medium\" alt=\"\" title=\"CERTUS AUTHORIZED TRAINING PROVIDER-2\" srcset=\"https:\/\/certuspro.com\/wp-content\/uploads\/2024\/04\/CERTUS-AUTHORIZED-TRAINING-PROVIDER-2-300x300.png 300w, https:\/\/certuspro.com\/wp-content\/uploads\/2024\/04\/CERTUS-AUTHORIZED-TRAINING-PROVIDER-2-200x200.png 200w, https:\/\/certuspro.com\/wp-content\/uploads\/2024\/04\/CERTUS-AUTHORIZED-TRAINING-PROVIDER-2-150x150.png 150w, https:\/\/certuspro.com\/wp-content\/uploads\/2024\/04\/CERTUS-AUTHORIZED-TRAINING-PROVIDER-2-12x12.png 12w, https:\/\/certuspro.com\/wp-content\/uploads\/2024\/04\/CERTUS-AUTHORIZED-TRAINING-PROVIDER-2-100x100.png 100w, https:\/\/certuspro.com\/wp-content\/uploads\/2024\/04\/CERTUS-AUTHORIZED-TRAINING-PROVIDER-2.png 500w\" sizes=\"auto, (max-width: 300px) 100vw, 300px\"  data-dt-location=\"https:\/\/certuspro.com\/es\/certus-course-certification\/certus-authorized-training-provider-2\/\" \/><\/div>\n\t\t<\/figure>\n\t<\/div>\n<div class=\"vc_empty_space\"   style=\"height: 16px\"><span class=\"vc_empty_space_inner\"><\/span><\/div><\/div><\/div><\/div><div class=\"wpb_column vc_column_container vc_col-sm-12\"><div class=\"vc_column-inner\"><div class=\"wpb_wrapper\">\n\t<div class=\"wpb_text_column wpb_content_element\" >\n\t\t<div class=\"wpb_wrapper\">\n\t\t\t<p>The Certus Authorized Training Provider program is a whole new way of evaluating training providers. We do a comprehensive evaluation of the training provider&#8217;s systems, processes, procedures, infrastructure, staffing, course development, and more to determine if the training provider is competent and has the necessary resources to be a Certus Authorized Training Provider.<\/p>\n<p>Once earning Authorized Training Provider status, the training provider may earn Certus Course Certification (CCC) for each of its courses. Under CCC, we review each course to see if it meet the requirements of ISO 29993, a service standard that specifies a set of minimum requirements for learning services.<\/p>\n<p>The training provider has the flexibility to design and deliver a program that best meets its learners&#8217; needs while still adhering to a rigorous process.<\/p>\n<p>ATP and CCC focus on learners&#8217; needs and learning outcomes and give you a solid framework and valuable feedback to improve your training courses:<\/p>\n<ul>\n<li><strong>Valor: <\/strong>There are no per student fees and no royalties.<\/li>\n<li><strong>Validez: <\/strong>CCC se basa en la norma internacional ISO 29993, un est\u00e1ndar de servicio que especifica un conjunto de requisitos m\u00ednimos para los servicios de aprendizaje.<\/li>\n<li><strong>Verificaci\u00f3n: <\/strong>Annual course evaluation gives you and your students assurance that your courses remain valid.<\/li>\n<\/ul>\n\n\t\t<\/div>\n\t<\/div>\n<div class=\"vc_empty_space\"   style=\"height: 32px\"><span class=\"vc_empty_space_inner\"><\/span><\/div><div id=\"ultimate-heading-786569f1e9d6e3851\" class=\"uvc-heading ult-adjust-bottom-margin ultimate-heading-786569f1e9d6e3851 uvc-9039\" data-hspacer=\"no_spacer\"  data-halign=\"center\" style=\"text-align:center\"><div class=\"uvc-heading-spacer no_spacer\" style=\"top\"><\/div><div class=\"uvc-main-heading ult-responsive\"  data-ultimate-target='.uvc-heading.ultimate-heading-786569f1e9d6e3851 h3'  data-responsive-json-new='{\"font-size\":\"\",\"line-height\":\"\"}' ><h3 style=\"font-weight:normal;margin-bottom:24px;\">UN PROCESO CON VALOR AGREGADO<\/h3><\/div><\/div>\n\t<div class=\"wpb_text_column wpb_content_element\" >\n\t\t<div class=\"wpb_wrapper\">\n\t\t\t<p>Nuestro proceso integral de evaluaci\u00f3n de cursos garantiza que tu curso cumpla con los objetivos de aprendizaje ahora y en el futuro:<\/p>\n<ul>\n<li><strong>Evaluaci\u00f3n de la empresa: <\/strong>Realizamos una evaluaci\u00f3n de tu organizaci\u00f3n para determinar si dispone de los recursos adecuados para impartir cursos de manera eficaz.<\/li>\n<li><strong>Revisi\u00f3n del curso: <\/strong>We conduct a review of the course materials to determine if the course meets the learning objectives and that the course is being delivered effectively.<\/li>\n<li><strong>Evaluaci\u00f3n continua:<\/strong> We review the course materials and training provider annually.<\/li>\n<li><strong>Informes detallados: <\/strong>Proporcionamos comentarios detallados que puedes utilizar para mejorar el contenido, la entrega y la eficacia del curso.<\/li>\n<\/ul>\n\n\t\t<\/div>\n\t<\/div>\n<div class=\"vc_empty_space\"   style=\"height: 32px\"><span class=\"vc_empty_space_inner\"><\/span><\/div><div id=\"ultimate-heading-142869f1e9d6e3915\" class=\"uvc-heading ult-adjust-bottom-margin ultimate-heading-142869f1e9d6e3915 uvc-6648\" data-hspacer=\"no_spacer\"  data-halign=\"center\" style=\"text-align:center\"><div class=\"uvc-heading-spacer no_spacer\" style=\"top\"><\/div><div class=\"uvc-main-heading ult-responsive\"  data-ultimate-target='.uvc-heading.ultimate-heading-142869f1e9d6e3915 h3'  data-responsive-json-new='{\"font-size\":\"\",\"line-height\":\"\"}' ><h3 style=\"font-weight:normal;margin-bottom:24px;\">\u00a1EVAL\u00daA A TU MANERA!<\/h3><\/div><\/div>\n\t<div class=\"wpb_text_column wpb_content_element\" >\n\t\t<div class=\"wpb_wrapper\">\n\t\t\t<p>Crea la evaluaci\u00f3n de tu curso a tu manera. CCC no exige un estilo de evaluaci\u00f3n o examen espec\u00edfico. \u00bfPor qu\u00e9? Debido a que Certus Professional Certification tiene su propio conjunto de ex\u00e1menes de conocimiento, los administra a quienes solicitan la certificaci\u00f3n de auditor. Esto te permite una mayor libertad para dise\u00f1ar una evaluaci\u00f3n de curso que se adapte mejor a tu curso, a las necesidades de los alumnos y a sus resultados de aprendizaje.<\/p>\n\n\t\t<\/div>\n\t<\/div>\n<div class=\"vc_empty_space\"   style=\"height: 32px\"><span class=\"vc_empty_space_inner\"><\/span><\/div><\/div><\/div><\/div><\/div><div data-vc-full-width=\"true\" data-vc-full-width-init=\"false\" class=\"vc_row wpb_row vc_row-fluid vc_custom_1596640634064 vc_row-has-fill\"><div class=\"wpb_column vc_column_container vc_col-sm-12 vc_col-lg-offset-2 vc_col-lg-8 vc_col-md-offset-2 vc_col-md-8 vc_col-sm-offset-0 vc_col-xs-12\"><div class=\"vc_column-inner\"><div class=\"wpb_wrapper\"><div id=\"ultimate-heading-725969f1e9d6e3b6b\" class=\"uvc-heading ult-adjust-bottom-margin ultimate-heading-725969f1e9d6e3b6b uvc-8663\" data-hspacer=\"no_spacer\"  data-halign=\"center\" style=\"text-align:center\"><div class=\"uvc-heading-spacer no_spacer\" style=\"top\"><\/div><div class=\"uvc-main-heading ult-responsive\"  data-ultimate-target='.uvc-heading.ultimate-heading-725969f1e9d6e3b6b h2'  data-responsive-json-new='{\"font-size\":\"\",\"line-height\":\"\"}' ><h2 style=\"font-weight:bold;color:#ffffff;margin-bottom:15px;\">Learn More About Becoming an Authorized Training Provider<\/h2><\/div><div class=\"uvc-sub-heading ult-responsive\"  data-ultimate-target='.uvc-heading.ultimate-heading-725969f1e9d6e3b6b .uvc-sub-heading '  data-responsive-json-new='{\"font-size\":\"\",\"line-height\":\"\"}'  style=\"font-weight:normal;color:rgba(255,255,255,0.7);margin-bottom:30px;\">Contact us to learn more about our Authorized Training Provider program and Certus Course Certification and how they can benefit your training courses.<\/div><\/div><style type=\"text\/css\" data-type=\"the7_shortcodes-inline-css\">#default-btn-1d492a62c7763753b8a3f94d56e865d1 {\n  border-radius: 100px;\n  font-size: 16px;\n  line-height: 18px;\n}\n.btn-shadow#default-btn-1d492a62c7763753b8a3f94d56e865d1 {\n  box-shadow: 0 1px 6px rgba(0,0,0,0.12);\n  transition: box-shadow 0.2s ease-out, opacity 0.45s;\n}\n.btn-shadow#default-btn-1d492a62c7763753b8a3f94d56e865d1:hover {\n  box-shadow: 0 5px 11px 0 rgba(0,0,0,0.18), 0 4px 15px 0 rgba(0,0,0,0.15);\n}\n.btn-3d#default-btn-1d492a62c7763753b8a3f94d56e865d1:hover {\n  box-shadow: 0px 2px 0px 0px rgba(224,224,224,0.05);\n}\n.btn-flat#default-btn-1d492a62c7763753b8a3f94d56e865d1 {\n  box-shadow: none;\n}\n.btn-flat#default-btn-1d492a62c7763753b8a3f94d56e865d1:hover {\n  box-shadow: none;\n}\n#default-btn-1d492a62c7763753b8a3f94d56e865d1.ico-right-side > i {\n  margin-right: 0px;\n  margin-left: 8px;\n}\n#default-btn-1d492a62c7763753b8a3f94d56e865d1 > i {\n  margin-right: 8px;\n  font-size: 16px;\n}\n#default-btn-1d492a62c7763753b8a3f94d56e865d1:not(:hover) {\n  border-width: 3px;\n  border-color: rgba(255,255,255,0.3) !important;\n  color: #ffffff;\n  background: none !important;\n  padding: 16px 10px 16px 10px;\n}\n#default-btn-1d492a62c7763753b8a3f94d56e865d1:not(:hover) * {\n  color: #ffffff;\n}\n#default-btn-1d492a62c7763753b8a3f94d56e865d1:hover {\n  border-width: 3px;\n  border-color: rgba(255,255,255,0.45) !important;\n  color: #ffffff;\n  background: rgba(255,255,255,0.05) !important;\n  padding: 16px 10px 16px 10px;\n}\n#default-btn-1d492a62c7763753b8a3f94d56e865d1:hover * {\n  color: #ffffff;\n}\n#default-btn-1d492a62c7763753b8a3f94d56e865d1.ico-right-side > i {\n  margin-right: 0px;\n  margin-left: 8px;\n}\n#default-btn-1d492a62c7763753b8a3f94d56e865d1 > i {\n  margin-right: 8px;\n}\n<\/style><div class=\"btn-align-center\"><a href=\"https:\/\/certuspro.com\/es\/contact-2\/\" class=\"default-btn-shortcode dt-btn link-hover-off ico-right-side btn-flat\" id=\"default-btn-1d492a62c7763753b8a3f94d56e865d1\" style=\"width:240px;\" title=\"Contacto\"><span>CONT\u00c1CTANOS HOY<\/span><i class=\"icomoon-the7-font-the7-arrow-09\"><\/i><\/a><\/div><\/div><\/div><\/div><\/div><div class=\"vc_row-full-width vc_clearfix\"><\/div>\n<\/div>","protected":false},"excerpt":{"rendered":"<p>The Certus Authorized Training Provider program is a whole new way of evaluating training providers. We do a comprehensive evaluation of the training provider&#8217;s systems, processes, procedures, infrastructure, staffing, course development, and more to determine if the training provider is competent and has the necessary resources to be a Certus Authorized Training Provider. Once earning&hellip;<\/p>","protected":false},"author":1,"featured_media":0,"parent":0,"menu_order":0,"comment_status":"closed","ping_status":"open","template":"","meta":{"_coblocks_attr":"","_coblocks_dimensions":"","_coblocks_responsive_height":"","_coblocks_accordion_ie_support":"","footnotes":""},"class_list":["post-5225","page","type-page","status-publish","hentry","description-off"],"yoast_head":"<!-- This site is optimized with the Yoast SEO Premium plugin v18.2.1 (Yoast SEO v23.2) - https:\/\/yoast.com\/wordpress\/plugins\/seo\/ -->\n<title>Training Course Certification - Certus Professional Certification Inc.<\/title>\n<meta name=\"robots\" content=\"index, follow, max-snippet:-1, max-image-preview:large, max-video-preview:-1\" \/>\n<link rel=\"canonical\" href=\"https:\/\/certuspro.com\/es\/certus-course-certification\/\" \/>\n<meta property=\"og:locale\" content=\"es_ES\" \/>\n<meta property=\"og:type\" content=\"article\" \/>\n<meta property=\"og:title\" content=\"Training Course Certification\" \/>\n<meta property=\"og:url\" content=\"https:\/\/certuspro.com\/es\/certus-course-certification\/\" \/>\n<meta property=\"og:site_name\" content=\"Certus Professional Certification Inc.\" \/>\n<meta property=\"article:modified_time\" content=\"2024-04-05T18:17:29+00:00\" \/>\n<meta name=\"twitter:card\" content=\"summary_large_image\" \/>\n<meta name=\"twitter:label1\" content=\"Tiempo estimado de lectura\" \/>\n\t<meta name=\"twitter:data1\" content=\"3 minutos\" \/>\n<script type=\"application\/ld+json\" class=\"yoast-schema-graph\">{\"@context\":\"https:\/\/schema.org\",\"@graph\":[{\"@type\":\"WebPage\",\"@id\":\"https:\/\/certuspro.com\/certus-course-certification\/\",\"url\":\"https:\/\/certuspro.com\/certus-course-certification\/\",\"name\":\"Training Course Certification - Certus Professional Certification Inc.\",\"isPartOf\":{\"@id\":\"https:\/\/certuspro.com\/#website\"},\"datePublished\":\"2021-02-22T16:13:41+00:00\",\"dateModified\":\"2024-04-05T18:17:29+00:00\",\"breadcrumb\":{\"@id\":\"https:\/\/certuspro.com\/certus-course-certification\/#breadcrumb\"},\"inLanguage\":\"es-CL\",\"potentialAction\":[{\"@type\":\"ReadAction\",\"target\":[\"https:\/\/certuspro.com\/certus-course-certification\/\"]}]},{\"@type\":\"BreadcrumbList\",\"@id\":\"https:\/\/certuspro.com\/certus-course-certification\/#breadcrumb\",\"itemListElement\":[{\"@type\":\"ListItem\",\"position\":1,\"name\":\"Home\",\"item\":\"https:\/\/certuspro.com\/\"},{\"@type\":\"ListItem\",\"position\":2,\"name\":\"Training Course Certification\"}]},{\"@type\":\"WebSite\",\"@id\":\"https:\/\/certuspro.com\/#website\",\"url\":\"https:\/\/certuspro.com\/\",\"name\":\"Certus Professional Certification Inc.\",\"description\":\"Real. Valid. Certification.\",\"potentialAction\":[{\"@type\":\"SearchAction\",\"target\":{\"@type\":\"EntryPoint\",\"urlTemplate\":\"https:\/\/certuspro.com\/?s={search_term_string}\"},\"query-input\":\"required name=search_term_string\"}],\"inLanguage\":\"es-CL\"}]}<\/script>\n<!-- \/ Yoast SEO Premium plugin. -->","yoast_head_json":{"title":"Training Course Certification - Certus Professional Certification Inc.","robots":{"index":"index","follow":"follow","max-snippet":"max-snippet:-1","max-image-preview":"max-image-preview:large","max-video-preview":"max-video-preview:-1"},"canonical":"https:\/\/certuspro.com\/es\/certus-course-certification\/","og_locale":"es_ES","og_type":"article","og_title":"Training Course Certification","og_url":"https:\/\/certuspro.com\/es\/certus-course-certification\/","og_site_name":"Certus Professional Certification Inc.","article_modified_time":"2024-04-05T18:17:29+00:00","twitter_card":"summary_large_image","twitter_misc":{"Tiempo estimado de lectura":"3 minutos"},"schema":{"@context":"https:\/\/schema.org","@graph":[{"@type":"WebPage","@id":"https:\/\/certuspro.com\/certus-course-certification\/","url":"https:\/\/certuspro.com\/certus-course-certification\/","name":"Training Course Certification - Certus Professional Certification Inc.","isPartOf":{"@id":"https:\/\/certuspro.com\/#website"},"datePublished":"2021-02-22T16:13:41+00:00","dateModified":"2024-04-05T18:17:29+00:00","breadcrumb":{"@id":"https:\/\/certuspro.com\/certus-course-certification\/#breadcrumb"},"inLanguage":"es-CL","potentialAction":[{"@type":"ReadAction","target":["https:\/\/certuspro.com\/certus-course-certification\/"]}]},{"@type":"BreadcrumbList","@id":"https:\/\/certuspro.com\/certus-course-certification\/#breadcrumb","itemListElement":[{"@type":"ListItem","position":1,"name":"Home","item":"https:\/\/certuspro.com\/"},{"@type":"ListItem","position":2,"name":"Training Course Certification"}]},{"@type":"WebSite","@id":"https:\/\/certuspro.com\/#website","url":"https:\/\/certuspro.com\/","name":"Certus Professional Certification Inc.","description":"Real. Valid. Certification.","potentialAction":[{"@type":"SearchAction","target":{"@type":"EntryPoint","urlTemplate":"https:\/\/certuspro.com\/?s={search_term_string}"},"query-input":"required name=search_term_string"}],"inLanguage":"es-CL"}]}},"_links":{"self":[{"href":"https:\/\/certuspro.com\/es\/wp-json\/wp\/v2\/pages\/5225","targetHints":{"allow":["GET"]}}],"collection":[{"href":"https:\/\/certuspro.com\/es\/wp-json\/wp\/v2\/pages"}],"about":[{"href":"https:\/\/certuspro.com\/es\/wp-json\/wp\/v2\/types\/page"}],"author":[{"embeddable":true,"href":"https:\/\/certuspro.com\/es\/wp-json\/wp\/v2\/users\/1"}],"replies":[{"embeddable":true,"href":"https:\/\/certuspro.com\/es\/wp-json\/wp\/v2\/comments?post=5225"}],"version-history":[{"count":15,"href":"https:\/\/certuspro.com\/es\/wp-json\/wp\/v2\/pages\/5225\/revisions"}],"predecessor-version":[{"id":5238,"href":"https:\/\/certuspro.com\/es\/wp-json\/wp\/v2\/pages\/5225\/revisions\/5238"}],"wp:attachment":[{"href":"https:\/\/certuspro.com\/es\/wp-json\/wp\/v2\/media?parent=5225"}],"curies":[{"name":"wp","href":"https:\/\/api.w.org\/{rel}","templated":true}]}}