{"id":3853,"date":"2020-07-28T01:27:27","date_gmt":"2020-07-28T01:27:27","guid":{"rendered":"https:\/\/certuspro.com\/?post_type=product&#038;p=3853"},"modified":"2024-09-09T17:06:43","modified_gmt":"2024-09-09T22:06:43","slug":"quality-management-system-auditor-iso-9001","status":"publish","type":"product","link":"https:\/\/certuspro.com\/es\/producto\/quality-management-system-auditor-iso-9001\/","title":{"rendered":"Auditor de Sistemas de Gesti\u00f3n de la Calidad"},"content":{"rendered":"","protected":false},"excerpt":{"rendered":"","protected":false},"featured_media":5368,"template":"","meta":{"_coblocks_attr":"","_coblocks_dimensions":"","_coblocks_responsive_height":"","_coblocks_accordion_ie_support":""},"product_brand":[],"product_cat":[50],"product_tag":[],"class_list":{"0":"post-3853","1":"product","2":"type-product","3":"status-publish","4":"has-post-thumbnail","6":"product_cat-certification","7":"description-off","9":"first","10":"instock","11":"sold-individually","12":"shipping-taxable","13":"purchasable","14":"product-type-variable-subscription"},"yoast_head":"<!-- This site is optimized with the Yoast SEO Premium plugin v18.2.1 (Yoast SEO v23.2) - https:\/\/yoast.com\/wordpress\/plugins\/seo\/ -->\n<title>Quality Management System (QMS) Auditor - Certus Professional Certification Inc.<\/title>\n<meta name=\"description\" content=\"Certus Quality Management System (QMS) auditor certification is designed for auditors who conduct quality management system audits based on ISO 9001:2015.\" \/>\n<meta name=\"robots\" content=\"index, follow, max-snippet:-1, max-image-preview:large, max-video-preview:-1\" \/>\n<link rel=\"canonical\" href=\"https:\/\/certuspro.com\/es\/producto\/quality-management-system-auditor-iso-9001\/\" \/>\n<meta property=\"og:locale\" content=\"es_ES\" \/>\n<meta property=\"og:type\" content=\"article\" \/>\n<meta property=\"og:title\" content=\"Quality Management System (QMS) Auditor\" \/>\n<meta property=\"og:description\" content=\"Certus Quality Management System (QMS) auditor certification is designed for auditors who conduct quality management system audits based on ISO 9001:2015.\" \/>\n<meta property=\"og:url\" content=\"https:\/\/certuspro.com\/es\/producto\/quality-management-system-auditor-iso-9001\/\" \/>\n<meta property=\"og:site_name\" content=\"Certus Professional Certification Inc.\" \/>\n<meta property=\"article:modified_time\" content=\"2024-09-09T22:06:43+00:00\" \/>\n<meta property=\"og:image\" content=\"https:\/\/certuspro.com\/wp-content\/uploads\/2021\/04\/shutterstock_1349472461-scaled.jpg\" \/>\n\t<meta property=\"og:image:width\" content=\"2560\" \/>\n\t<meta property=\"og:image:height\" content=\"1575\" \/>\n\t<meta property=\"og:image:type\" content=\"image\/jpeg\" \/>\n<meta name=\"twitter:card\" content=\"summary_large_image\" \/>\n<meta name=\"twitter:label1\" content=\"Tiempo estimado de lectura\" \/>\n\t<meta name=\"twitter:data1\" content=\"1 minuto\" \/>\n<script type=\"application\/ld+json\" class=\"yoast-schema-graph\">{\"@context\":\"https:\/\/schema.org\",\"@graph\":[{\"@type\":\"WebPage\",\"@id\":\"https:\/\/certuspro.com\/product\/quality-management-system-auditor-iso-9001\/\",\"url\":\"https:\/\/certuspro.com\/product\/quality-management-system-auditor-iso-9001\/\",\"name\":\"Quality Management System (QMS) Auditor - Certus Professional Certification Inc.\",\"isPartOf\":{\"@id\":\"https:\/\/certuspro.com\/#website\"},\"primaryImageOfPage\":{\"@id\":\"https:\/\/certuspro.com\/product\/quality-management-system-auditor-iso-9001\/#primaryimage\"},\"image\":{\"@id\":\"https:\/\/certuspro.com\/product\/quality-management-system-auditor-iso-9001\/#primaryimage\"},\"thumbnailUrl\":\"https:\/\/certuspro.com\/wp-content\/uploads\/2021\/04\/shutterstock_1349472461-scaled.jpg\",\"datePublished\":\"2020-07-28T01:27:27+00:00\",\"dateModified\":\"2024-09-09T22:06:43+00:00\",\"description\":\"Certus Quality Management System (QMS) auditor certification is designed for auditors who conduct quality management system audits based on ISO 9001:2015.\",\"breadcrumb\":{\"@id\":\"https:\/\/certuspro.com\/product\/quality-management-system-auditor-iso-9001\/#breadcrumb\"},\"inLanguage\":\"es-CL\",\"potentialAction\":[{\"@type\":\"ReadAction\",\"target\":[\"https:\/\/certuspro.com\/product\/quality-management-system-auditor-iso-9001\/\"]}]},{\"@type\":\"ImageObject\",\"inLanguage\":\"es-CL\",\"@id\":\"https:\/\/certuspro.com\/product\/quality-management-system-auditor-iso-9001\/#primaryimage\",\"url\":\"https:\/\/certuspro.com\/wp-content\/uploads\/2021\/04\/shutterstock_1349472461-scaled.jpg\",\"contentUrl\":\"https:\/\/certuspro.com\/wp-content\/uploads\/2021\/04\/shutterstock_1349472461-scaled.jpg\",\"width\":2560,\"height\":1575,\"caption\":\"Quality Management System Auditor Certification\"},{\"@type\":\"BreadcrumbList\",\"@id\":\"https:\/\/certuspro.com\/product\/quality-management-system-auditor-iso-9001\/#breadcrumb\",\"itemListElement\":[{\"@type\":\"ListItem\",\"position\":1,\"name\":\"Home\",\"item\":\"https:\/\/certuspro.com\/\"},{\"@type\":\"ListItem\",\"position\":2,\"name\":\"Available Certifications\",\"item\":\"https:\/\/certuspro.com\/available-certifications\/\"},{\"@type\":\"ListItem\",\"position\":3,\"name\":\"Quality Management System (QMS) Auditor\"}]},{\"@type\":\"WebSite\",\"@id\":\"https:\/\/certuspro.com\/#website\",\"url\":\"https:\/\/certuspro.com\/\",\"name\":\"Certus Professional Certification Inc.\",\"description\":\"Real. Valid. Certification.\",\"potentialAction\":[{\"@type\":\"SearchAction\",\"target\":{\"@type\":\"EntryPoint\",\"urlTemplate\":\"https:\/\/certuspro.com\/?s={search_term_string}\"},\"query-input\":\"required name=search_term_string\"}],\"inLanguage\":\"es-CL\"}]}<\/script>\n<!-- \/ Yoast SEO Premium plugin. -->","yoast_head_json":{"title":"Quality Management System (QMS) Auditor - Certus Professional Certification Inc.","description":"El programa de Certificaci\u00f3n de Auditor de Sistemas de Gesti\u00f3n de la Calidad (ISO 9001) de Certus proporciona reconocimiento internacional para auditores que realizan auditor\u00edas de sistemas de gesti\u00f3n de la calidad basado en la norma ISO 9001:2015.","robots":{"index":"index","follow":"follow","max-snippet":"max-snippet:-1","max-image-preview":"max-image-preview:large","max-video-preview":"max-video-preview:-1"},"canonical":"https:\/\/certuspro.com\/es\/producto\/quality-management-system-auditor-iso-9001\/","og_locale":"es_ES","og_type":"article","og_title":"Quality Management System (QMS) Auditor","og_description":"Certus Quality Management System (QMS) auditor certification is designed for auditors who conduct quality management system audits based on ISO 9001:2015.","og_url":"https:\/\/certuspro.com\/es\/producto\/quality-management-system-auditor-iso-9001\/","og_site_name":"Certus Professional Certification Inc.","article_modified_time":"2024-09-09T22:06:43+00:00","og_image":[{"width":2560,"height":1575,"url":"https:\/\/certuspro.com\/wp-content\/uploads\/2021\/04\/shutterstock_1349472461-scaled.jpg","type":"image\/jpeg"}],"twitter_card":"summary_large_image","twitter_misc":{"Tiempo estimado de lectura":"1 minuto"},"schema":{"@context":"https:\/\/schema.org","@graph":[{"@type":"WebPage","@id":"https:\/\/certuspro.com\/product\/quality-management-system-auditor-iso-9001\/","url":"https:\/\/certuspro.com\/product\/quality-management-system-auditor-iso-9001\/","name":"Quality Management System (QMS) Auditor - Certus Professional Certification Inc.","isPartOf":{"@id":"https:\/\/certuspro.com\/#website"},"primaryImageOfPage":{"@id":"https:\/\/certuspro.com\/product\/quality-management-system-auditor-iso-9001\/#primaryimage"},"image":{"@id":"https:\/\/certuspro.com\/product\/quality-management-system-auditor-iso-9001\/#primaryimage"},"thumbnailUrl":"https:\/\/certuspro.com\/wp-content\/uploads\/2021\/04\/shutterstock_1349472461-scaled.jpg","datePublished":"2020-07-28T01:27:27+00:00","dateModified":"2024-09-09T22:06:43+00:00","description":"El programa de Certificaci\u00f3n de Auditor de Sistemas de Gesti\u00f3n de la Calidad (ISO 9001) de Certus proporciona reconocimiento internacional para auditores que realizan auditor\u00edas de sistemas de gesti\u00f3n de la calidad basado en la norma ISO 9001:2015.","breadcrumb":{"@id":"https:\/\/certuspro.com\/product\/quality-management-system-auditor-iso-9001\/#breadcrumb"},"inLanguage":"es-CL","potentialAction":[{"@type":"ReadAction","target":["https:\/\/certuspro.com\/product\/quality-management-system-auditor-iso-9001\/"]}]},{"@type":"ImageObject","inLanguage":"es-CL","@id":"https:\/\/certuspro.com\/product\/quality-management-system-auditor-iso-9001\/#primaryimage","url":"https:\/\/certuspro.com\/wp-content\/uploads\/2021\/04\/shutterstock_1349472461-scaled.jpg","contentUrl":"https:\/\/certuspro.com\/wp-content\/uploads\/2021\/04\/shutterstock_1349472461-scaled.jpg","width":2560,"height":1575,"caption":"Quality Management System Auditor Certification"},{"@type":"BreadcrumbList","@id":"https:\/\/certuspro.com\/product\/quality-management-system-auditor-iso-9001\/#breadcrumb","itemListElement":[{"@type":"ListItem","position":1,"name":"Home","item":"https:\/\/certuspro.com\/"},{"@type":"ListItem","position":2,"name":"Available Certifications","item":"https:\/\/certuspro.com\/available-certifications\/"},{"@type":"ListItem","position":3,"name":"Quality Management System (QMS) Auditor"}]},{"@type":"WebSite","@id":"https:\/\/certuspro.com\/#website","url":"https:\/\/certuspro.com\/","name":"Certus Professional Certification Inc.","description":"Real. Valid. Certification.","potentialAction":[{"@type":"SearchAction","target":{"@type":"EntryPoint","urlTemplate":"https:\/\/certuspro.com\/?s={search_term_string}"},"query-input":"required name=search_term_string"}],"inLanguage":"es-CL"}]}},"_links":{"self":[{"href":"https:\/\/certuspro.com\/es\/wp-json\/wp\/v2\/product\/3853","targetHints":{"allow":["GET"]}}],"collection":[{"href":"https:\/\/certuspro.com\/es\/wp-json\/wp\/v2\/product"}],"about":[{"href":"https:\/\/certuspro.com\/es\/wp-json\/wp\/v2\/types\/product"}],"wp:featuredmedia":[{"embeddable":true,"href":"https:\/\/certuspro.com\/es\/wp-json\/wp\/v2\/media\/5368"}],"wp:attachment":[{"href":"https:\/\/certuspro.com\/es\/wp-json\/wp\/v2\/media?parent=3853"}],"wp:term":[{"taxonomy":"product_brand","embeddable":true,"href":"https:\/\/certuspro.com\/es\/wp-json\/wp\/v2\/product_brand?post=3853"},{"taxonomy":"product_cat","embeddable":true,"href":"https:\/\/certuspro.com\/es\/wp-json\/wp\/v2\/product_cat?post=3853"},{"taxonomy":"product_tag","embeddable":true,"href":"https:\/\/certuspro.com\/es\/wp-json\/wp\/v2\/product_tag?post=3853"}],"curies":[{"name":"wp","href":"https:\/\/api.w.org\/{rel}","templated":true}]}}