{"id":3858,"date":"2020-07-28T01:30:31","date_gmt":"2020-07-28T01:30:31","guid":{"rendered":"https:\/\/certuspro.com\/?post_type=product&#038;p=3858"},"modified":"2023-01-26T11:11:42","modified_gmt":"2023-01-26T17:11:42","slug":"environmental-management-system-auditor-iso-14001","status":"publish","type":"product","link":"https:\/\/certuspro.com\/es\/producto\/environmental-management-system-auditor-iso-14001\/","title":{"rendered":"Auditor de Sistemas de Gesti\u00f3n Ambiental (ISO 14001)"},"content":{"rendered":"","protected":false},"excerpt":{"rendered":"","protected":false},"featured_media":5365,"template":"","meta":{"_coblocks_attr":"","_coblocks_dimensions":"","_coblocks_responsive_height":"","_coblocks_accordion_ie_support":""},"product_brand":[],"product_cat":[50],"product_tag":[],"class_list":{"0":"post-3858","1":"product","2":"type-product","3":"status-publish","4":"has-post-thumbnail","6":"product_cat-certification","7":"description-off","9":"first","10":"instock","11":"sold-individually","12":"shipping-taxable","13":"purchasable","14":"product-type-variable-subscription"},"yoast_head":"<!-- This site is optimized with the Yoast SEO Premium plugin v18.2.1 (Yoast SEO v23.2) - https:\/\/yoast.com\/wordpress\/plugins\/seo\/ -->\n<title>Environmental Management System Auditor (ISO 14001) - Certus Professional Certification Inc.<\/title>\n<meta name=\"description\" content=\"Certus Environmental Management System auditor certifications designed for auditors who conduct EMS audits based on ISO 14001:2015.\" \/>\n<meta name=\"robots\" content=\"index, follow, max-snippet:-1, max-image-preview:large, max-video-preview:-1\" \/>\n<link rel=\"canonical\" href=\"https:\/\/certuspro.com\/es\/producto\/environmental-management-system-auditor-iso-14001\/\" \/>\n<meta property=\"og:locale\" content=\"es_ES\" \/>\n<meta property=\"og:type\" content=\"article\" \/>\n<meta property=\"og:title\" content=\"Environmental Management System Auditor (ISO 14001)\" \/>\n<meta property=\"og:description\" content=\"Certus Environmental Management System auditor certifications designed for auditors who conduct EMS audits based on ISO 14001:2015.\" \/>\n<meta property=\"og:url\" content=\"https:\/\/certuspro.com\/es\/producto\/environmental-management-system-auditor-iso-14001\/\" \/>\n<meta property=\"og:site_name\" content=\"Certus Professional Certification Inc.\" \/>\n<meta property=\"article:modified_time\" content=\"2023-01-26T17:11:42+00:00\" \/>\n<meta property=\"og:image\" content=\"https:\/\/certuspro.com\/wp-content\/uploads\/2021\/04\/shutterstock_1720166959-scaled.jpg\" \/>\n\t<meta property=\"og:image:width\" content=\"2560\" \/>\n\t<meta property=\"og:image:height\" content=\"1707\" \/>\n\t<meta property=\"og:image:type\" content=\"image\/jpeg\" \/>\n<meta name=\"twitter:card\" content=\"summary_large_image\" \/>\n<script type=\"application\/ld+json\" class=\"yoast-schema-graph\">{\"@context\":\"https:\/\/schema.org\",\"@graph\":[{\"@type\":\"WebPage\",\"@id\":\"https:\/\/certuspro.com\/product\/environmental-management-system-auditor-iso-14001\/\",\"url\":\"https:\/\/certuspro.com\/product\/environmental-management-system-auditor-iso-14001\/\",\"name\":\"Environmental Management System Auditor (ISO 14001) - Certus Professional Certification Inc.\",\"isPartOf\":{\"@id\":\"https:\/\/certuspro.com\/#website\"},\"primaryImageOfPage\":{\"@id\":\"https:\/\/certuspro.com\/product\/environmental-management-system-auditor-iso-14001\/#primaryimage\"},\"image\":{\"@id\":\"https:\/\/certuspro.com\/product\/environmental-management-system-auditor-iso-14001\/#primaryimage\"},\"thumbnailUrl\":\"https:\/\/certuspro.com\/wp-content\/uploads\/2021\/04\/shutterstock_1720166959-scaled.jpg\",\"datePublished\":\"2020-07-28T01:30:31+00:00\",\"dateModified\":\"2023-01-26T17:11:42+00:00\",\"description\":\"Certus Environmental Management System auditor certifications designed for auditors who conduct EMS audits based on ISO 14001:2015.\",\"breadcrumb\":{\"@id\":\"https:\/\/certuspro.com\/product\/environmental-management-system-auditor-iso-14001\/#breadcrumb\"},\"inLanguage\":\"es-CL\",\"potentialAction\":[{\"@type\":\"ReadAction\",\"target\":[\"https:\/\/certuspro.com\/product\/environmental-management-system-auditor-iso-14001\/\"]}]},{\"@type\":\"ImageObject\",\"inLanguage\":\"es-CL\",\"@id\":\"https:\/\/certuspro.com\/product\/environmental-management-system-auditor-iso-14001\/#primaryimage\",\"url\":\"https:\/\/certuspro.com\/wp-content\/uploads\/2021\/04\/shutterstock_1720166959-scaled.jpg\",\"contentUrl\":\"https:\/\/certuspro.com\/wp-content\/uploads\/2021\/04\/shutterstock_1720166959-scaled.jpg\",\"width\":2560,\"height\":1707,\"caption\":\"Environmental Management System Auditor\"},{\"@type\":\"BreadcrumbList\",\"@id\":\"https:\/\/certuspro.com\/product\/environmental-management-system-auditor-iso-14001\/#breadcrumb\",\"itemListElement\":[{\"@type\":\"ListItem\",\"position\":1,\"name\":\"Home\",\"item\":\"https:\/\/certuspro.com\/\"},{\"@type\":\"ListItem\",\"position\":2,\"name\":\"Available Certifications\",\"item\":\"https:\/\/certuspro.com\/available-certifications\/\"},{\"@type\":\"ListItem\",\"position\":3,\"name\":\"Environmental Management System Auditor (ISO 14001)\"}]},{\"@type\":\"WebSite\",\"@id\":\"https:\/\/certuspro.com\/#website\",\"url\":\"https:\/\/certuspro.com\/\",\"name\":\"Certus Professional Certification Inc.\",\"description\":\"Real. Valid. Certification.\",\"potentialAction\":[{\"@type\":\"SearchAction\",\"target\":{\"@type\":\"EntryPoint\",\"urlTemplate\":\"https:\/\/certuspro.com\/?s={search_term_string}\"},\"query-input\":\"required name=search_term_string\"}],\"inLanguage\":\"es-CL\"}]}<\/script>\n<!-- \/ Yoast SEO Premium plugin. -->","yoast_head_json":{"title":"Environmental Management System Auditor (ISO 14001) - Certus Professional Certification Inc.","description":"El programa de Certificaci\u00f3n de Auditor de Sistemas de Gesti\u00f3n Ambiental (ISO 14001) de Certus proporciona reconocimiento internacional para auditores que realizan auditor\u00edas de sistemas de gesti\u00f3n ambiental basado en la norma ISO 14001:2015.","robots":{"index":"index","follow":"follow","max-snippet":"max-snippet:-1","max-image-preview":"max-image-preview:large","max-video-preview":"max-video-preview:-1"},"canonical":"https:\/\/certuspro.com\/es\/producto\/environmental-management-system-auditor-iso-14001\/","og_locale":"es_ES","og_type":"article","og_title":"Environmental Management System Auditor (ISO 14001)","og_description":"Certus Environmental Management System auditor certifications designed for auditors who conduct EMS audits based on ISO 14001:2015.","og_url":"https:\/\/certuspro.com\/es\/producto\/environmental-management-system-auditor-iso-14001\/","og_site_name":"Certus Professional Certification Inc.","article_modified_time":"2023-01-26T17:11:42+00:00","og_image":[{"width":2560,"height":1707,"url":"https:\/\/certuspro.com\/wp-content\/uploads\/2021\/04\/shutterstock_1720166959-scaled.jpg","type":"image\/jpeg"}],"twitter_card":"summary_large_image","schema":{"@context":"https:\/\/schema.org","@graph":[{"@type":"WebPage","@id":"https:\/\/certuspro.com\/product\/environmental-management-system-auditor-iso-14001\/","url":"https:\/\/certuspro.com\/product\/environmental-management-system-auditor-iso-14001\/","name":"Environmental Management System Auditor (ISO 14001) - Certus Professional Certification Inc.","isPartOf":{"@id":"https:\/\/certuspro.com\/#website"},"primaryImageOfPage":{"@id":"https:\/\/certuspro.com\/product\/environmental-management-system-auditor-iso-14001\/#primaryimage"},"image":{"@id":"https:\/\/certuspro.com\/product\/environmental-management-system-auditor-iso-14001\/#primaryimage"},"thumbnailUrl":"https:\/\/certuspro.com\/wp-content\/uploads\/2021\/04\/shutterstock_1720166959-scaled.jpg","datePublished":"2020-07-28T01:30:31+00:00","dateModified":"2023-01-26T17:11:42+00:00","description":"El programa de Certificaci\u00f3n de Auditor de Sistemas de Gesti\u00f3n Ambiental (ISO 14001) de Certus proporciona reconocimiento internacional para auditores que realizan auditor\u00edas de sistemas de gesti\u00f3n ambiental basado en la norma ISO 14001:2015.","breadcrumb":{"@id":"https:\/\/certuspro.com\/product\/environmental-management-system-auditor-iso-14001\/#breadcrumb"},"inLanguage":"es-CL","potentialAction":[{"@type":"ReadAction","target":["https:\/\/certuspro.com\/product\/environmental-management-system-auditor-iso-14001\/"]}]},{"@type":"ImageObject","inLanguage":"es-CL","@id":"https:\/\/certuspro.com\/product\/environmental-management-system-auditor-iso-14001\/#primaryimage","url":"https:\/\/certuspro.com\/wp-content\/uploads\/2021\/04\/shutterstock_1720166959-scaled.jpg","contentUrl":"https:\/\/certuspro.com\/wp-content\/uploads\/2021\/04\/shutterstock_1720166959-scaled.jpg","width":2560,"height":1707,"caption":"Environmental Management System Auditor"},{"@type":"BreadcrumbList","@id":"https:\/\/certuspro.com\/product\/environmental-management-system-auditor-iso-14001\/#breadcrumb","itemListElement":[{"@type":"ListItem","position":1,"name":"Home","item":"https:\/\/certuspro.com\/"},{"@type":"ListItem","position":2,"name":"Available Certifications","item":"https:\/\/certuspro.com\/available-certifications\/"},{"@type":"ListItem","position":3,"name":"Environmental Management System Auditor (ISO 14001)"}]},{"@type":"WebSite","@id":"https:\/\/certuspro.com\/#website","url":"https:\/\/certuspro.com\/","name":"Certus Professional Certification Inc.","description":"Real. Valid. Certification.","potentialAction":[{"@type":"SearchAction","target":{"@type":"EntryPoint","urlTemplate":"https:\/\/certuspro.com\/?s={search_term_string}"},"query-input":"required name=search_term_string"}],"inLanguage":"es-CL"}]}},"_links":{"self":[{"href":"https:\/\/certuspro.com\/es\/wp-json\/wp\/v2\/product\/3858","targetHints":{"allow":["GET"]}}],"collection":[{"href":"https:\/\/certuspro.com\/es\/wp-json\/wp\/v2\/product"}],"about":[{"href":"https:\/\/certuspro.com\/es\/wp-json\/wp\/v2\/types\/product"}],"wp:featuredmedia":[{"embeddable":true,"href":"https:\/\/certuspro.com\/es\/wp-json\/wp\/v2\/media\/5365"}],"wp:attachment":[{"href":"https:\/\/certuspro.com\/es\/wp-json\/wp\/v2\/media?parent=3858"}],"wp:term":[{"taxonomy":"product_brand","embeddable":true,"href":"https:\/\/certuspro.com\/es\/wp-json\/wp\/v2\/product_brand?post=3858"},{"taxonomy":"product_cat","embeddable":true,"href":"https:\/\/certuspro.com\/es\/wp-json\/wp\/v2\/product_cat?post=3858"},{"taxonomy":"product_tag","embeddable":true,"href":"https:\/\/certuspro.com\/es\/wp-json\/wp\/v2\/product_tag?post=3858"}],"curies":[{"name":"wp","href":"https:\/\/api.w.org\/{rel}","templated":true}]}}