{"id":5807,"date":"2021-12-31T17:35:16","date_gmt":"2021-12-31T17:35:16","guid":{"rendered":"https:\/\/certuspro.com\/?post_type=product&#038;p=5807"},"modified":"2023-01-26T09:50:37","modified_gmt":"2023-01-26T15:50:37","slug":"information-technology-service-management-system-auditor-iso-20000-1","status":"publish","type":"product","link":"https:\/\/certuspro.com\/es\/producto\/information-technology-service-management-system-auditor-iso-20000-1\/","title":{"rendered":"AUDITOR DEL SISTEMA DE GESTI\u00d3N DE SERVICIOS DE TECNOLOG\u00cdAS DE LA INFORMACI\u00d3N (ISO 20000-1)"},"content":{"rendered":"","protected":false},"excerpt":{"rendered":"","protected":false},"featured_media":5813,"template":"","meta":{"_coblocks_attr":"","_coblocks_dimensions":"","_coblocks_responsive_height":"","_coblocks_accordion_ie_support":""},"product_brand":[],"product_cat":[50],"product_tag":[],"class_list":{"0":"post-5807","1":"product","2":"type-product","3":"status-publish","4":"has-post-thumbnail","6":"product_cat-certification","7":"description-off","9":"first","10":"instock","11":"sold-individually","12":"shipping-taxable","13":"purchasable","14":"product-type-variable-subscription"},"yoast_head":"<!-- This site is optimized with the Yoast SEO Premium plugin v18.2.1 (Yoast SEO v23.2) - https:\/\/yoast.com\/wordpress\/plugins\/seo\/ -->\n<title>Information Technology Service Management System Auditor (ISO 20000-1) - Certus Professional Certification Inc.<\/title>\n<meta name=\"description\" content=\"Certus Information Technology Service Management System auditor certification program is designed for auditors who conduct ITSMS audits based on the ISO 20000-1:2018 standard.\" \/>\n<meta name=\"robots\" content=\"index, follow, max-snippet:-1, max-image-preview:large, max-video-preview:-1\" \/>\n<link rel=\"canonical\" href=\"https:\/\/certuspro.com\/es\/producto\/information-technology-service-management-system-auditor-iso-20000-1\/\" \/>\n<meta property=\"og:locale\" content=\"es_ES\" \/>\n<meta property=\"og:type\" content=\"article\" \/>\n<meta property=\"og:title\" content=\"Information Technology Service Management System Auditor (ISO 20000-1)\" \/>\n<meta property=\"og:description\" content=\"Certus Information Technology Service Management System auditor certification program is designed for auditors who conduct ITSMS audits based on the ISO 20000-1:2018 standard.\" \/>\n<meta property=\"og:url\" content=\"https:\/\/certuspro.com\/es\/producto\/information-technology-service-management-system-auditor-iso-20000-1\/\" \/>\n<meta property=\"og:site_name\" content=\"Certus Professional Certification Inc.\" \/>\n<meta property=\"article:modified_time\" content=\"2023-01-26T15:50:37+00:00\" \/>\n<meta property=\"og:image\" content=\"https:\/\/certuspro.com\/wp-content\/uploads\/2021\/12\/shutterstock_635793656.jpg\" \/>\n\t<meta property=\"og:image:width\" content=\"1000\" \/>\n\t<meta property=\"og:image:height\" content=\"667\" \/>\n\t<meta property=\"og:image:type\" content=\"image\/jpeg\" \/>\n<meta name=\"twitter:card\" content=\"summary_large_image\" \/>\n<script type=\"application\/ld+json\" class=\"yoast-schema-graph\">{\"@context\":\"https:\/\/schema.org\",\"@graph\":[{\"@type\":\"WebPage\",\"@id\":\"https:\/\/certuspro.com\/product\/information-technology-service-management-system-auditor-iso-20000-1\/\",\"url\":\"https:\/\/certuspro.com\/product\/information-technology-service-management-system-auditor-iso-20000-1\/\",\"name\":\"Information Technology Service Management System Auditor (ISO 20000-1) - Certus Professional Certification Inc.\",\"isPartOf\":{\"@id\":\"https:\/\/certuspro.com\/#website\"},\"primaryImageOfPage\":{\"@id\":\"https:\/\/certuspro.com\/product\/information-technology-service-management-system-auditor-iso-20000-1\/#primaryimage\"},\"image\":{\"@id\":\"https:\/\/certuspro.com\/product\/information-technology-service-management-system-auditor-iso-20000-1\/#primaryimage\"},\"thumbnailUrl\":\"https:\/\/certuspro.com\/wp-content\/uploads\/2021\/12\/shutterstock_635793656.jpg\",\"datePublished\":\"2021-12-31T17:35:16+00:00\",\"dateModified\":\"2023-01-26T15:50:37+00:00\",\"description\":\"Certus Information Technology Service Management System auditor certification program is designed for auditors who conduct ITSMS audits based on the ISO 20000-1:2018 standard.\",\"breadcrumb\":{\"@id\":\"https:\/\/certuspro.com\/product\/information-technology-service-management-system-auditor-iso-20000-1\/#breadcrumb\"},\"inLanguage\":\"es-CL\",\"potentialAction\":[{\"@type\":\"ReadAction\",\"target\":[\"https:\/\/certuspro.com\/product\/information-technology-service-management-system-auditor-iso-20000-1\/\"]}]},{\"@type\":\"ImageObject\",\"inLanguage\":\"es-CL\",\"@id\":\"https:\/\/certuspro.com\/product\/information-technology-service-management-system-auditor-iso-20000-1\/#primaryimage\",\"url\":\"https:\/\/certuspro.com\/wp-content\/uploads\/2021\/12\/shutterstock_635793656.jpg\",\"contentUrl\":\"https:\/\/certuspro.com\/wp-content\/uploads\/2021\/12\/shutterstock_635793656.jpg\",\"width\":1000,\"height\":667,\"caption\":\"ISO 20001-1\"},{\"@type\":\"BreadcrumbList\",\"@id\":\"https:\/\/certuspro.com\/product\/information-technology-service-management-system-auditor-iso-20000-1\/#breadcrumb\",\"itemListElement\":[{\"@type\":\"ListItem\",\"position\":1,\"name\":\"Home\",\"item\":\"https:\/\/certuspro.com\/\"},{\"@type\":\"ListItem\",\"position\":2,\"name\":\"Available Certifications\",\"item\":\"https:\/\/certuspro.com\/available-certifications\/\"},{\"@type\":\"ListItem\",\"position\":3,\"name\":\"Information Technology Service Management System Auditor (ISO 20000-1)\"}]},{\"@type\":\"WebSite\",\"@id\":\"https:\/\/certuspro.com\/#website\",\"url\":\"https:\/\/certuspro.com\/\",\"name\":\"Certus Professional Certification Inc.\",\"description\":\"Real. Valid. Certification.\",\"potentialAction\":[{\"@type\":\"SearchAction\",\"target\":{\"@type\":\"EntryPoint\",\"urlTemplate\":\"https:\/\/certuspro.com\/?s={search_term_string}\"},\"query-input\":\"required name=search_term_string\"}],\"inLanguage\":\"es-CL\"}]}<\/script>\n<!-- \/ Yoast SEO Premium plugin. -->","yoast_head_json":{"title":"Information Technology Service Management System Auditor (ISO 20000-1) - Certus Professional Certification Inc.","description":"Certus Information Technology Service Management System auditor certification program is designed for auditors who conduct ITSMS audits based on the ISO 20000-1:2018 standard.","robots":{"index":"index","follow":"follow","max-snippet":"max-snippet:-1","max-image-preview":"max-image-preview:large","max-video-preview":"max-video-preview:-1"},"canonical":"https:\/\/certuspro.com\/es\/producto\/information-technology-service-management-system-auditor-iso-20000-1\/","og_locale":"es_ES","og_type":"article","og_title":"Information Technology Service Management System Auditor (ISO 20000-1)","og_description":"Certus Information Technology Service Management System auditor certification program is designed for auditors who conduct ITSMS audits based on the ISO 20000-1:2018 standard.","og_url":"https:\/\/certuspro.com\/es\/producto\/information-technology-service-management-system-auditor-iso-20000-1\/","og_site_name":"Certus Professional Certification Inc.","article_modified_time":"2023-01-26T15:50:37+00:00","og_image":[{"width":1000,"height":667,"url":"https:\/\/certuspro.com\/wp-content\/uploads\/2021\/12\/shutterstock_635793656.jpg","type":"image\/jpeg"}],"twitter_card":"summary_large_image","schema":{"@context":"https:\/\/schema.org","@graph":[{"@type":"WebPage","@id":"https:\/\/certuspro.com\/product\/information-technology-service-management-system-auditor-iso-20000-1\/","url":"https:\/\/certuspro.com\/product\/information-technology-service-management-system-auditor-iso-20000-1\/","name":"Information Technology Service Management System Auditor (ISO 20000-1) - Certus Professional Certification Inc.","isPartOf":{"@id":"https:\/\/certuspro.com\/#website"},"primaryImageOfPage":{"@id":"https:\/\/certuspro.com\/product\/information-technology-service-management-system-auditor-iso-20000-1\/#primaryimage"},"image":{"@id":"https:\/\/certuspro.com\/product\/information-technology-service-management-system-auditor-iso-20000-1\/#primaryimage"},"thumbnailUrl":"https:\/\/certuspro.com\/wp-content\/uploads\/2021\/12\/shutterstock_635793656.jpg","datePublished":"2021-12-31T17:35:16+00:00","dateModified":"2023-01-26T15:50:37+00:00","description":"Certus Information Technology Service Management System auditor certification program is designed for auditors who conduct ITSMS audits based on the ISO 20000-1:2018 standard.","breadcrumb":{"@id":"https:\/\/certuspro.com\/product\/information-technology-service-management-system-auditor-iso-20000-1\/#breadcrumb"},"inLanguage":"es-CL","potentialAction":[{"@type":"ReadAction","target":["https:\/\/certuspro.com\/product\/information-technology-service-management-system-auditor-iso-20000-1\/"]}]},{"@type":"ImageObject","inLanguage":"es-CL","@id":"https:\/\/certuspro.com\/product\/information-technology-service-management-system-auditor-iso-20000-1\/#primaryimage","url":"https:\/\/certuspro.com\/wp-content\/uploads\/2021\/12\/shutterstock_635793656.jpg","contentUrl":"https:\/\/certuspro.com\/wp-content\/uploads\/2021\/12\/shutterstock_635793656.jpg","width":1000,"height":667,"caption":"ISO 20001-1"},{"@type":"BreadcrumbList","@id":"https:\/\/certuspro.com\/product\/information-technology-service-management-system-auditor-iso-20000-1\/#breadcrumb","itemListElement":[{"@type":"ListItem","position":1,"name":"Home","item":"https:\/\/certuspro.com\/"},{"@type":"ListItem","position":2,"name":"Available Certifications","item":"https:\/\/certuspro.com\/available-certifications\/"},{"@type":"ListItem","position":3,"name":"Information Technology Service Management System Auditor (ISO 20000-1)"}]},{"@type":"WebSite","@id":"https:\/\/certuspro.com\/#website","url":"https:\/\/certuspro.com\/","name":"Certus Professional Certification Inc.","description":"Real. Valid. Certification.","potentialAction":[{"@type":"SearchAction","target":{"@type":"EntryPoint","urlTemplate":"https:\/\/certuspro.com\/?s={search_term_string}"},"query-input":"required name=search_term_string"}],"inLanguage":"es-CL"}]}},"_links":{"self":[{"href":"https:\/\/certuspro.com\/es\/wp-json\/wp\/v2\/product\/5807","targetHints":{"allow":["GET"]}}],"collection":[{"href":"https:\/\/certuspro.com\/es\/wp-json\/wp\/v2\/product"}],"about":[{"href":"https:\/\/certuspro.com\/es\/wp-json\/wp\/v2\/types\/product"}],"wp:featuredmedia":[{"embeddable":true,"href":"https:\/\/certuspro.com\/es\/wp-json\/wp\/v2\/media\/5813"}],"wp:attachment":[{"href":"https:\/\/certuspro.com\/es\/wp-json\/wp\/v2\/media?parent=5807"}],"wp:term":[{"taxonomy":"product_brand","embeddable":true,"href":"https:\/\/certuspro.com\/es\/wp-json\/wp\/v2\/product_brand?post=5807"},{"taxonomy":"product_cat","embeddable":true,"href":"https:\/\/certuspro.com\/es\/wp-json\/wp\/v2\/product_cat?post=5807"},{"taxonomy":"product_tag","embeddable":true,"href":"https:\/\/certuspro.com\/es\/wp-json\/wp\/v2\/product_tag?post=5807"}],"curies":[{"name":"wp","href":"https:\/\/api.w.org\/{rel}","templated":true}]}}